{"id":1722,"date":"2022-05-15T14:33:39","date_gmt":"2022-05-15T14:33:39","guid":{"rendered":"https:\/\/mulgielamuskeskus.ee\/our-story\/"},"modified":"2024-04-01T11:31:42","modified_gmt":"2024-04-01T11:31:42","slug":"our-story","status":"publish","type":"page","link":"https:\/\/mulgielamuskeskus.ee\/en\/our-story\/","title":{"rendered":"Our story"},"content":{"rendered":"\t\t<div data-elementor-type=\"wp-page\" data-elementor-id=\"1722\" class=\"elementor elementor-1722 elementor-49\" data-elementor-post-type=\"page\">\n\t\t\t\t<div class=\"elementor-element elementor-element-5acf9a6 e-flex e-con-boxed e-con e-parent\" data-id=\"5acf9a6\" data-element_type=\"container\" data-e-type=\"container\">\n\t\t\t\t\t<div class=\"e-con-inner\">\n\t\t\t\t<div class=\"elementor-element elementor-element-039d925 elementor-widget elementor-widget-text-editor\" data-id=\"039d925\" data-element_type=\"widget\" data-e-type=\"widget\" data-widget_type=\"text-editor.default\">\n\t\t\t\t<div class=\"elementor-widget-container\">\n\t\t\t\t\t\t\t\t\t<p>The Sooglem\u00e4e farm complex is located in Ala village, Helme rural municipality, Valga county and is owned by the Institute of Mulgi Culture (hereinafter MKI). In 2008\u20132009 MKI was actively searching for a farm to establish a centre introducing the rich heritage and history of Mulgi culture. By autumn 2009 MKI had been offered more than 30 different properties across Mulgimaa. The older, authentic manor houses are situated in the southern region of Mulgimaa, specifically in the parishes of Halliste, Karksi and Helme. The decision was made in favour of Sooglem\u00e4e primarily due to its good location: the proximity of the Valga-Uulu highway and the presence of a local road with an asphalt surface; the proximity of well-known tourist attractions such as Taagepera Castle, Helme Castle, caves and springs, the Barclay de Tolly mausoleum, Koork\u00fcla lakes, T\u00fcndre recreation area, Teringi bog. The expansive former farm is a good example of an authentic historical Mulgi farm. Moreover, a manor house together with its outbuildings was preserved on the premises of this complex (other preserved manor houses lacked outbuildings).<\/p>\n<p>The municipalities of Mulgimaa set the joint goal of establishing the Mulgimaa Visitor Centre, or the Mulgi Experience Centre, near Taagepera at the Sooglem\u00e4e farm complex to revive the stories, traditions, mythology and folklore of Mulks in an engaging and modern manner for visitors.<\/p>\n<p>The municipalities\u2019 aspiration was to restore the complex and establish the Mulgi Experience Centre by the year 2018 \u2013 the 100th anniversary of the Republic of Estonia.\u00a0<\/p>\n<h2>Vision<\/h2>\n<p>The centre is a Mulgi landmark and bears the identity of Mulgi people. Through ingenious solutions, it will shape a future inspired by history, have a global reach, connect local businesses and products, and provide visitors with knowledge, entertainment, adventure and fresh perspectives.<\/p>\n<h2>Our mission<\/h2>\n<p>The Mulgi Experience Centre is dedicated to preserving and showcasing Mulgi culture. It stands as a valuable partner for local entrepreneurs in promoting business and for municipalities in facilitating regional growth, while also inspiring visitors with innovative ideas and smart solutions. Through the judicious use of resources and fostering the professional development of its staff, the centre aims to be an attractive destination that benefits the region.<\/p>\n\t\t\t\t\t\t\t\t<\/div>\n\t\t\t\t<\/div>\n\t\t\t\t\t<\/div>\n\t\t\t\t<\/div>\n\t\t<div class=\"elementor-element elementor-element-c099c8e e-flex e-con-boxed e-con e-parent\" data-id=\"c099c8e\" data-element_type=\"container\" data-e-type=\"container\">\n\t\t\t\t\t<div class=\"e-con-inner\">\n\t\t\t\t\t<\/div>\n\t\t\t\t<\/div>\n\t\t<div class=\"elementor-element elementor-element-aff0464 e-flex e-con-boxed e-con e-parent\" data-id=\"aff0464\" data-element_type=\"container\" data-e-type=\"container\">\n\t\t\t\t\t<div class=\"e-con-inner\">\n\t\t\t\t<div class=\"elementor-element elementor-element-71d4bde elementor-view-default elementor-position-block-start elementor-mobile-position-block-start elementor-widget elementor-widget-icon-box\" data-id=\"71d4bde\" data-element_type=\"widget\" data-e-type=\"widget\" data-widget_type=\"icon-box.default\">\n\t\t\t\t<div class=\"elementor-widget-container\">\n\t\t\t\t\t\t\t<div class=\"elementor-icon-box-wrapper\">\n\n\t\t\t\t\t\t<div class=\"elementor-icon-box-icon\">\n\t\t\t\t<a href=\"https:\/\/www.youtube.com\/watch?v=4qF3okYD9sU\" class=\"elementor-icon\" tabindex=\"-1\" aria-label=\"LISTEN TO THE FIRST RAP SONG IN MULGI DIALECT \">\n\t\t\t\t<i aria-hidden=\"true\" class=\"fab fa-youtube\"><\/i>\t\t\t\t<\/a>\n\t\t\t<\/div>\n\t\t\t\n\t\t\t\t\t\t<div class=\"elementor-icon-box-content\">\n\n\t\t\t\t\t\t\t\t\t<h3 class=\"elementor-icon-box-title\">\n\t\t\t\t\t\t<a href=\"https:\/\/www.youtube.com\/watch?v=4qF3okYD9sU\" >\n\t\t\t\t\t\t\tLISTEN TO THE FIRST RAP SONG IN MULGI DIALECT \t\t\t\t\t\t<\/a>\n\t\t\t\t\t<\/h3>\n\t\t\t\t\n\t\t\t\t\t\t\t\t\t<p class=\"elementor-icon-box-description\">\n\t\t\t\t\t\tTommyboy \u2018Uusmulgi lugulaul MLK\u2019 (Music by: Kaspar Kadastik, Jan Pillav \/ Lyrics by: Toomas Tilk)\t\t\t\t\t<\/p>\n\t\t\t\t\n\t\t\t<\/div>\n\t\t\t\n\t\t<\/div>\n\t\t\t\t\t\t<\/div>\n\t\t\t\t<\/div>\n\t\t\t\t\t<\/div>\n\t\t\t\t<\/div>\n\t\t<div class=\"elementor-element elementor-element-b886147 e-flex e-con-boxed e-con e-parent\" data-id=\"b886147\" data-element_type=\"container\" data-e-type=\"container\" data-settings=\"{&quot;background_background&quot;:&quot;classic&quot;}\">\n\t\t\t\t\t<div class=\"e-con-inner\">\n\t\t\t\t<div class=\"elementor-element elementor-element-733c503 quote elementor-widget elementor-widget-heading\" data-id=\"733c503\" data-element_type=\"widget\" data-e-type=\"widget\" data-widget_type=\"heading.default\">\n\t\t\t\t<div class=\"elementor-widget-container\">\n\t\t\t\t\t<h1 class=\"elementor-heading-title elementor-size-default\">The highest praise a Mulk can give is when they have nothing bad to say<\/h1>\t\t\t\t<\/div>\n\t\t\t\t<\/div>\n\t\t\t\t<div class=\"elementor-element elementor-element-ca4b009 elementor-widget elementor-widget-spacer\" data-id=\"ca4b009\" data-element_type=\"widget\" data-e-type=\"widget\" data-widget_type=\"spacer.default\">\n\t\t\t\t<div class=\"elementor-widget-container\">\n\t\t\t\t\t\t\t<div class=\"elementor-spacer\">\n\t\t\t<div class=\"elementor-spacer-inner\"><\/div>\n\t\t<\/div>\n\t\t\t\t\t\t<\/div>\n\t\t\t\t<\/div>\n\t\t<div class=\"elementor-element elementor-element-fc28c37 e-flex e-con-boxed e-con e-child\" data-id=\"fc28c37\" data-element_type=\"container\" data-e-type=\"container\">\n\t\t\t\t\t<div class=\"e-con-inner\">\n\t\t\t\t<div class=\"elementor-element elementor-element-dd3861d elementor-widget elementor-widget-heading\" data-id=\"dd3861d\" data-element_type=\"widget\" data-e-type=\"widget\" data-widget_type=\"heading.default\">\n\t\t\t\t<div class=\"elementor-widget-container\">\n\t\t\t\t\t<h3 class=\"elementor-heading-title elementor-size-default\">Concept<\/h3>\t\t\t\t<\/div>\n\t\t\t\t<\/div>\n\t\t\t\t<div class=\"elementor-element elementor-element-2467565 elementor-widget elementor-widget-heading\" data-id=\"2467565\" data-element_type=\"widget\" data-e-type=\"widget\" data-widget_type=\"heading.default\">\n\t\t\t\t<div class=\"elementor-widget-container\">\n\t\t\t\t\t<h3 class=\"elementor-heading-title elementor-size-default\">Sille Roomets, Reigo Ahven, Maido Ruusmann, Valdur Mikita, Andres R\u00f5igas, Kaja Allilender, Jaanus Kukk, Mihkel Laan<\/h3>\t\t\t\t<\/div>\n\t\t\t\t<\/div>\n\t\t\t\t\t<\/div>\n\t\t\t\t<\/div>\n\t\t<div class=\"elementor-element elementor-element-fdbaf70 e-flex e-con-boxed e-con e-child\" data-id=\"fdbaf70\" data-element_type=\"container\" data-e-type=\"container\">\n\t\t\t\t\t<div class=\"e-con-inner\">\n\t\t\t\t<div class=\"elementor-element elementor-element-df3dc18 elementor-widget elementor-widget-heading\" data-id=\"df3dc18\" data-element_type=\"widget\" data-e-type=\"widget\" data-widget_type=\"heading.default\">\n\t\t\t\t<div class=\"elementor-widget-container\">\n\t\t\t\t\t<h3 class=\"elementor-heading-title elementor-size-default\">Design solution and designers<\/h3>\t\t\t\t<\/div>\n\t\t\t\t<\/div>\n\t\t\t\t<div class=\"elementor-element elementor-element-5cbc701 elementor-widget elementor-widget-heading\" data-id=\"5cbc701\" data-element_type=\"widget\" data-e-type=\"widget\" data-widget_type=\"heading.default\">\n\t\t\t\t<div class=\"elementor-widget-container\">\n\t\t\t\t\t<h3 class=\"elementor-heading-title elementor-size-default\">Tanel Teder, Helen Rebane, Kaie Kuldkepp, Elo- Lina Kaivo (N\u00dc\u00dcD Arhitektid O\u00dc)<\/h3>\t\t\t\t<\/div>\n\t\t\t\t<\/div>\n\t\t\t\t\t<\/div>\n\t\t\t\t<\/div>\n\t\t<div class=\"elementor-element elementor-element-3404c41 e-flex e-con-boxed e-con e-child\" data-id=\"3404c41\" data-element_type=\"container\" data-e-type=\"container\">\n\t\t\t\t\t<div class=\"e-con-inner\">\n\t\t\t\t<div class=\"elementor-element elementor-element-1e79add elementor-widget elementor-widget-heading\" data-id=\"1e79add\" data-element_type=\"widget\" data-e-type=\"widget\" data-widget_type=\"heading.default\">\n\t\t\t\t<div class=\"elementor-widget-container\">\n\t\t\t\t\t<h3 class=\"elementor-heading-title elementor-size-default\">Centre development project manager<\/h3>\t\t\t\t<\/div>\n\t\t\t\t<\/div>\n\t\t\t\t<div class=\"elementor-element elementor-element-231ab81 elementor-widget elementor-widget-heading\" data-id=\"231ab81\" data-element_type=\"widget\" data-e-type=\"widget\" data-widget_type=\"heading.default\">\n\t\t\t\t<div class=\"elementor-widget-container\">\n\t\t\t\t\t<h3 class=\"elementor-heading-title elementor-size-default\">Sille Roomets<\/h3>\t\t\t\t<\/div>\n\t\t\t\t<\/div>\n\t\t\t\t\t<\/div>\n\t\t\t\t<\/div>\n\t\t<div class=\"elementor-element elementor-element-dd0f440 e-flex e-con-boxed e-con e-child\" data-id=\"dd0f440\" data-element_type=\"container\" data-e-type=\"container\">\n\t\t\t\t\t<div class=\"e-con-inner\">\n\t\t\t\t<div class=\"elementor-element elementor-element-c3cdf1a elementor-widget elementor-widget-heading\" data-id=\"c3cdf1a\" data-element_type=\"widget\" data-e-type=\"widget\" data-widget_type=\"heading.default\">\n\t\t\t\t<div class=\"elementor-widget-container\">\n\t\t\t\t\t<h3 class=\"elementor-heading-title elementor-size-default\">Exhibition content creation<\/h3>\t\t\t\t<\/div>\n\t\t\t\t<\/div>\n\t\t\t\t<div class=\"elementor-element elementor-element-fb4987c elementor-widget elementor-widget-heading\" data-id=\"fb4987c\" data-element_type=\"widget\" data-e-type=\"widget\" data-widget_type=\"heading.default\">\n\t\t\t\t<div class=\"elementor-widget-container\">\n\t\t\t\t\t<h3 class=\"elementor-heading-title elementor-size-default\">Sille Roomets, Helen Rebane, Tanel Teder (N\u00dc\u00dcD Arhitektid O\u00dc), Krista Sarv, Mari Tosmin, Tiina J\u00fcrgen, Inna Raud, Ursula Erik (English), Kristi Ilves (Mulgi dialect), UT Viljandi Culture Academy students<\/h3>\t\t\t\t<\/div>\n\t\t\t\t<\/div>\n\t\t\t\t\t<\/div>\n\t\t\t\t<\/div>\n\t\t<div class=\"elementor-element elementor-element-a6570c0 e-flex e-con-boxed e-con e-child\" data-id=\"a6570c0\" data-element_type=\"container\" data-e-type=\"container\">\n\t\t\t\t\t<div class=\"e-con-inner\">\n\t\t\t\t<div class=\"elementor-element elementor-element-07eb144 elementor-widget elementor-widget-heading\" data-id=\"07eb144\" data-element_type=\"widget\" data-e-type=\"widget\" data-widget_type=\"heading.default\">\n\t\t\t\t<div class=\"elementor-widget-container\">\n\t\t\t\t\t<h3 class=\"elementor-heading-title elementor-size-default\">Exhibition builders<\/h3>\t\t\t\t<\/div>\n\t\t\t\t<\/div>\n\t\t\t\t<div class=\"elementor-element elementor-element-11aca16 elementor-widget elementor-widget-heading\" data-id=\"11aca16\" data-element_type=\"widget\" data-e-type=\"widget\" data-widget_type=\"heading.default\">\n\t\t\t\t<div class=\"elementor-widget-container\">\n\t\t\t\t\t<h3 class=\"elementor-heading-title elementor-size-default\">Ott Roots, Reigo Rand (Motor O\u00dc), Eero Ehala<\/h3>\t\t\t\t<\/div>\n\t\t\t\t<\/div>\n\t\t\t\t\t<\/div>\n\t\t\t\t<\/div>\n\t\t<div class=\"elementor-element elementor-element-882ea29 e-flex e-con-boxed e-con e-child\" data-id=\"882ea29\" data-element_type=\"container\" data-e-type=\"container\">\n\t\t\t\t\t<div class=\"e-con-inner\">\n\t\t\t\t<div class=\"elementor-element elementor-element-569de9e elementor-widget elementor-widget-heading\" data-id=\"569de9e\" data-element_type=\"widget\" data-e-type=\"widget\" data-widget_type=\"heading.default\">\n\t\t\t\t<div class=\"elementor-widget-container\">\n\t\t\t\t\t<h3 class=\"elementor-heading-title elementor-size-default\">Graphic designer<\/h3>\t\t\t\t<\/div>\n\t\t\t\t<\/div>\n\t\t\t\t<div class=\"elementor-element elementor-element-1603ed9 elementor-widget elementor-widget-heading\" data-id=\"1603ed9\" data-element_type=\"widget\" data-e-type=\"widget\" data-widget_type=\"heading.default\">\n\t\t\t\t<div class=\"elementor-widget-container\">\n\t\t\t\t\t<h3 class=\"elementor-heading-title elementor-size-default\">Mari Tosmin<\/h3>\t\t\t\t<\/div>\n\t\t\t\t<\/div>\n\t\t\t\t\t<\/div>\n\t\t\t\t<\/div>\n\t\t<div class=\"elementor-element elementor-element-71f3c9f e-flex e-con-boxed e-con e-child\" data-id=\"71f3c9f\" data-element_type=\"container\" data-e-type=\"container\">\n\t\t\t\t\t<div class=\"e-con-inner\">\n\t\t\t\t<div class=\"elementor-element elementor-element-d6ad007 elementor-widget elementor-widget-heading\" data-id=\"d6ad007\" data-element_type=\"widget\" data-e-type=\"widget\" data-widget_type=\"heading.default\">\n\t\t\t\t<div class=\"elementor-widget-container\">\n\t\t\t\t\t<h3 class=\"elementor-heading-title elementor-size-default\">Multimedia solutions<\/h3>\t\t\t\t<\/div>\n\t\t\t\t<\/div>\n\t\t\t\t<div class=\"elementor-element elementor-element-ccd122d elementor-widget elementor-widget-heading\" data-id=\"ccd122d\" data-element_type=\"widget\" data-e-type=\"widget\" data-widget_type=\"heading.default\">\n\t\t\t\t<div class=\"elementor-widget-container\">\n\t\t\t\t\t<h3 class=\"elementor-heading-title elementor-size-default\">Reigo Unt (Future Media O\u00dc), Juri Tretjakov (Atea AS), Igikelts O\u00dc, Taavi Bergmann (TaavidMeedia O\u00dc), Peeter S\u00e4rg (Naxti O\u00dc)<\/h3>\t\t\t\t<\/div>\n\t\t\t\t<\/div>\n\t\t\t\t\t<\/div>\n\t\t\t\t<\/div>\n\t\t<div class=\"elementor-element elementor-element-306cb3a e-flex e-con-boxed e-con e-child\" data-id=\"306cb3a\" data-element_type=\"container\" data-e-type=\"container\">\n\t\t\t\t\t<div class=\"e-con-inner\">\n\t\t\t\t<div class=\"elementor-element elementor-element-8c84de3 elementor-widget elementor-widget-heading\" data-id=\"8c84de3\" data-element_type=\"widget\" data-e-type=\"widget\" data-widget_type=\"heading.default\">\n\t\t\t\t<div class=\"elementor-widget-container\">\n\t\t\t\t\t<h2 class=\"elementor-heading-title elementor-size-default\">Thank you! <\/h2>\t\t\t\t<\/div>\n\t\t\t\t<\/div>\n\t\t\t\t\t<\/div>\n\t\t\t\t<\/div>\n\t\t\t\t\t<\/div>\n\t\t\t\t<\/div>\n\t\t\t\t<\/div>\n\t\t","protected":false},"excerpt":{"rendered":"<p>The Sooglem\u00e4e farm complex is located in Ala village, Helme rural municipality, Valga county and is owned by the Institute of Mulgi Culture (hereinafter MKI). In 2008\u20132009 MKI was actively searching for a farm to establish a centre introducing the rich heritage and history of Mulgi culture. By autumn 2009 MKI had been offered more [&hellip;]<\/p>\n","protected":false},"author":1,"featured_media":2227,"parent":0,"menu_order":0,"comment_status":"closed","ping_status":"closed","template":"","meta":{"footnotes":""},"class_list":["post-1722","page","type-page","status-publish","has-post-thumbnail","hentry"],"yoast_head":"<!-- This site is optimized with the Yoast SEO plugin v27.4 - https:\/\/yoast.com\/product\/yoast-seo-wordpress\/ -->\n<title>Our story | Mulgi Elamuskeskus<\/title>\n<meta name=\"description\" content=\"The centre is a Mulgi landmark and bears the identity of Mulgi people. Our exhibitions and events convey the essence of Mulgi people and their heritage.\" \/>\n<meta name=\"robots\" content=\"index, follow, max-snippet:-1, max-image-preview:large, max-video-preview:-1\" \/>\n<link rel=\"canonical\" href=\"https:\/\/mulgielamuskeskus.ee\/en\/our-story\/\" \/>\n<meta property=\"og:locale\" content=\"en_US\" \/>\n<meta property=\"og:type\" content=\"article\" \/>\n<meta property=\"og:title\" content=\"Our story | Mulgi Elamuskeskus\" \/>\n<meta property=\"og:description\" content=\"The centre is a Mulgi landmark and bears the identity of Mulgi people. Our exhibitions and events convey the essence of Mulgi people and their heritage.\" \/>\n<meta property=\"og:url\" content=\"https:\/\/mulgielamuskeskus.ee\/en\/our-story\/\" \/>\n<meta property=\"og:site_name\" content=\"Mulgi Elamuskeskus\" \/>\n<meta property=\"article:publisher\" content=\"https:\/\/www.facebook.com\/mulgielamuskeskus\" \/>\n<meta property=\"article:modified_time\" content=\"2024-04-01T11:31:42+00:00\" \/>\n<meta property=\"og:image\" content=\"https:\/\/mulgielamuskeskus.ee\/wp-content\/uploads\/2023\/10\/DJI_0230-scaled.jpg\" \/>\n\t<meta property=\"og:image:width\" content=\"2560\" \/>\n\t<meta property=\"og:image:height\" content=\"1705\" \/>\n\t<meta property=\"og:image:type\" content=\"image\/jpeg\" \/>\n<meta name=\"twitter:card\" content=\"summary_large_image\" \/>\n<meta name=\"twitter:label1\" content=\"Est. reading time\" \/>\n\t<meta name=\"twitter:data1\" content=\"3 minutes\" \/>\n<script type=\"application\/ld+json\" class=\"yoast-schema-graph\">{\"@context\":\"https:\\\/\\\/schema.org\",\"@graph\":[{\"@type\":\"WebPage\",\"@id\":\"https:\\\/\\\/mulgielamuskeskus.ee\\\/en\\\/our-story\\\/\",\"url\":\"https:\\\/\\\/mulgielamuskeskus.ee\\\/en\\\/our-story\\\/\",\"name\":\"Our story | Mulgi Elamuskeskus\",\"isPartOf\":{\"@id\":\"https:\\\/\\\/mulgielamuskeskus.ee\\\/#website\"},\"primaryImageOfPage\":{\"@id\":\"https:\\\/\\\/mulgielamuskeskus.ee\\\/en\\\/our-story\\\/#primaryimage\"},\"image\":{\"@id\":\"https:\\\/\\\/mulgielamuskeskus.ee\\\/en\\\/our-story\\\/#primaryimage\"},\"thumbnailUrl\":\"https:\\\/\\\/mulgielamuskeskus.ee\\\/wp-content\\\/uploads\\\/2023\\\/10\\\/DJI_0230-scaled.jpg\",\"datePublished\":\"2022-05-15T14:33:39+00:00\",\"dateModified\":\"2024-04-01T11:31:42+00:00\",\"description\":\"The centre is a Mulgi landmark and bears the identity of Mulgi people. Our exhibitions and events convey the essence of Mulgi people and their heritage.\",\"breadcrumb\":{\"@id\":\"https:\\\/\\\/mulgielamuskeskus.ee\\\/en\\\/our-story\\\/#breadcrumb\"},\"inLanguage\":\"en-US\",\"potentialAction\":[{\"@type\":\"ReadAction\",\"target\":[\"https:\\\/\\\/mulgielamuskeskus.ee\\\/en\\\/our-story\\\/\"]}]},{\"@type\":\"ImageObject\",\"inLanguage\":\"en-US\",\"@id\":\"https:\\\/\\\/mulgielamuskeskus.ee\\\/en\\\/our-story\\\/#primaryimage\",\"url\":\"https:\\\/\\\/mulgielamuskeskus.ee\\\/wp-content\\\/uploads\\\/2023\\\/10\\\/DJI_0230-scaled.jpg\",\"contentUrl\":\"https:\\\/\\\/mulgielamuskeskus.ee\\\/wp-content\\\/uploads\\\/2023\\\/10\\\/DJI_0230-scaled.jpg\",\"width\":2560,\"height\":1705,\"caption\":\"Sooglem\u00e4etalu kompleks - Mulgi Elamuskeskus\"},{\"@type\":\"BreadcrumbList\",\"@id\":\"https:\\\/\\\/mulgielamuskeskus.ee\\\/en\\\/our-story\\\/#breadcrumb\",\"itemListElement\":[{\"@type\":\"ListItem\",\"position\":1,\"name\":\"Home\",\"item\":\"https:\\\/\\\/mulgielamuskeskus.ee\\\/en\\\/\"},{\"@type\":\"ListItem\",\"position\":2,\"name\":\"Our story\"}]},{\"@type\":\"WebSite\",\"@id\":\"https:\\\/\\\/mulgielamuskeskus.ee\\\/#website\",\"url\":\"https:\\\/\\\/mulgielamuskeskus.ee\\\/\",\"name\":\"Mulgi Elamuskeskus\",\"description\":\"\",\"publisher\":{\"@id\":\"https:\\\/\\\/mulgielamuskeskus.ee\\\/#organization\"},\"potentialAction\":[{\"@type\":\"SearchAction\",\"target\":{\"@type\":\"EntryPoint\",\"urlTemplate\":\"https:\\\/\\\/mulgielamuskeskus.ee\\\/?s={search_term_string}\"},\"query-input\":{\"@type\":\"PropertyValueSpecification\",\"valueRequired\":true,\"valueName\":\"search_term_string\"}}],\"inLanguage\":\"en-US\"},{\"@type\":\"Organization\",\"@id\":\"https:\\\/\\\/mulgielamuskeskus.ee\\\/#organization\",\"name\":\"Mulgi Elamuskeskus MT\u00dc\",\"url\":\"https:\\\/\\\/mulgielamuskeskus.ee\\\/\",\"logo\":{\"@type\":\"ImageObject\",\"inLanguage\":\"en-US\",\"@id\":\"https:\\\/\\\/mulgielamuskeskus.ee\\\/#\\\/schema\\\/logo\\\/image\\\/\",\"url\":\"https:\\\/\\\/mulgielamuskeskus.ee\\\/wp-content\\\/uploads\\\/2022\\\/05\\\/MulgiElamuskeskus_ico.jpg\",\"contentUrl\":\"https:\\\/\\\/mulgielamuskeskus.ee\\\/wp-content\\\/uploads\\\/2022\\\/05\\\/MulgiElamuskeskus_ico.jpg\",\"width\":520,\"height\":520,\"caption\":\"Mulgi Elamuskeskus MT\u00dc\"},\"image\":{\"@id\":\"https:\\\/\\\/mulgielamuskeskus.ee\\\/#\\\/schema\\\/logo\\\/image\\\/\"},\"sameAs\":[\"https:\\\/\\\/www.facebook.com\\\/mulgielamuskeskus\",\"https:\\\/\\\/www.instagram.com\\\/mulgielamuskeskus\\\/\"]}]}<\/script>\n<!-- \/ Yoast SEO plugin. -->","yoast_head_json":{"title":"Our story | Mulgi Elamuskeskus","description":"The centre is a Mulgi landmark and bears the identity of Mulgi people. Our exhibitions and events convey the essence of Mulgi people and their heritage.","robots":{"index":"index","follow":"follow","max-snippet":"max-snippet:-1","max-image-preview":"max-image-preview:large","max-video-preview":"max-video-preview:-1"},"canonical":"https:\/\/mulgielamuskeskus.ee\/en\/our-story\/","og_locale":"en_US","og_type":"article","og_title":"Our story | Mulgi Elamuskeskus","og_description":"The centre is a Mulgi landmark and bears the identity of Mulgi people. Our exhibitions and events convey the essence of Mulgi people and their heritage.","og_url":"https:\/\/mulgielamuskeskus.ee\/en\/our-story\/","og_site_name":"Mulgi Elamuskeskus","article_publisher":"https:\/\/www.facebook.com\/mulgielamuskeskus","article_modified_time":"2024-04-01T11:31:42+00:00","og_image":[{"width":2560,"height":1705,"url":"https:\/\/mulgielamuskeskus.ee\/wp-content\/uploads\/2023\/10\/DJI_0230-scaled.jpg","type":"image\/jpeg"}],"twitter_card":"summary_large_image","twitter_misc":{"Est. reading time":"3 minutes"},"schema":{"@context":"https:\/\/schema.org","@graph":[{"@type":"WebPage","@id":"https:\/\/mulgielamuskeskus.ee\/en\/our-story\/","url":"https:\/\/mulgielamuskeskus.ee\/en\/our-story\/","name":"Our story | Mulgi Elamuskeskus","isPartOf":{"@id":"https:\/\/mulgielamuskeskus.ee\/#website"},"primaryImageOfPage":{"@id":"https:\/\/mulgielamuskeskus.ee\/en\/our-story\/#primaryimage"},"image":{"@id":"https:\/\/mulgielamuskeskus.ee\/en\/our-story\/#primaryimage"},"thumbnailUrl":"https:\/\/mulgielamuskeskus.ee\/wp-content\/uploads\/2023\/10\/DJI_0230-scaled.jpg","datePublished":"2022-05-15T14:33:39+00:00","dateModified":"2024-04-01T11:31:42+00:00","description":"The centre is a Mulgi landmark and bears the identity of Mulgi people. Our exhibitions and events convey the essence of Mulgi people and their heritage.","breadcrumb":{"@id":"https:\/\/mulgielamuskeskus.ee\/en\/our-story\/#breadcrumb"},"inLanguage":"en-US","potentialAction":[{"@type":"ReadAction","target":["https:\/\/mulgielamuskeskus.ee\/en\/our-story\/"]}]},{"@type":"ImageObject","inLanguage":"en-US","@id":"https:\/\/mulgielamuskeskus.ee\/en\/our-story\/#primaryimage","url":"https:\/\/mulgielamuskeskus.ee\/wp-content\/uploads\/2023\/10\/DJI_0230-scaled.jpg","contentUrl":"https:\/\/mulgielamuskeskus.ee\/wp-content\/uploads\/2023\/10\/DJI_0230-scaled.jpg","width":2560,"height":1705,"caption":"Sooglem\u00e4etalu kompleks - Mulgi Elamuskeskus"},{"@type":"BreadcrumbList","@id":"https:\/\/mulgielamuskeskus.ee\/en\/our-story\/#breadcrumb","itemListElement":[{"@type":"ListItem","position":1,"name":"Home","item":"https:\/\/mulgielamuskeskus.ee\/en\/"},{"@type":"ListItem","position":2,"name":"Our story"}]},{"@type":"WebSite","@id":"https:\/\/mulgielamuskeskus.ee\/#website","url":"https:\/\/mulgielamuskeskus.ee\/","name":"Mulgi Elamuskeskus","description":"","publisher":{"@id":"https:\/\/mulgielamuskeskus.ee\/#organization"},"potentialAction":[{"@type":"SearchAction","target":{"@type":"EntryPoint","urlTemplate":"https:\/\/mulgielamuskeskus.ee\/?s={search_term_string}"},"query-input":{"@type":"PropertyValueSpecification","valueRequired":true,"valueName":"search_term_string"}}],"inLanguage":"en-US"},{"@type":"Organization","@id":"https:\/\/mulgielamuskeskus.ee\/#organization","name":"Mulgi Elamuskeskus MT\u00dc","url":"https:\/\/mulgielamuskeskus.ee\/","logo":{"@type":"ImageObject","inLanguage":"en-US","@id":"https:\/\/mulgielamuskeskus.ee\/#\/schema\/logo\/image\/","url":"https:\/\/mulgielamuskeskus.ee\/wp-content\/uploads\/2022\/05\/MulgiElamuskeskus_ico.jpg","contentUrl":"https:\/\/mulgielamuskeskus.ee\/wp-content\/uploads\/2022\/05\/MulgiElamuskeskus_ico.jpg","width":520,"height":520,"caption":"Mulgi Elamuskeskus MT\u00dc"},"image":{"@id":"https:\/\/mulgielamuskeskus.ee\/#\/schema\/logo\/image\/"},"sameAs":["https:\/\/www.facebook.com\/mulgielamuskeskus","https:\/\/www.instagram.com\/mulgielamuskeskus\/"]}]}},"_links":{"self":[{"href":"https:\/\/mulgielamuskeskus.ee\/en\/wp-json\/wp\/v2\/pages\/1722","targetHints":{"allow":["GET"]}}],"collection":[{"href":"https:\/\/mulgielamuskeskus.ee\/en\/wp-json\/wp\/v2\/pages"}],"about":[{"href":"https:\/\/mulgielamuskeskus.ee\/en\/wp-json\/wp\/v2\/types\/page"}],"author":[{"embeddable":true,"href":"https:\/\/mulgielamuskeskus.ee\/en\/wp-json\/wp\/v2\/users\/1"}],"replies":[{"embeddable":true,"href":"https:\/\/mulgielamuskeskus.ee\/en\/wp-json\/wp\/v2\/comments?post=1722"}],"version-history":[{"count":9,"href":"https:\/\/mulgielamuskeskus.ee\/en\/wp-json\/wp\/v2\/pages\/1722\/revisions"}],"predecessor-version":[{"id":3231,"href":"https:\/\/mulgielamuskeskus.ee\/en\/wp-json\/wp\/v2\/pages\/1722\/revisions\/3231"}],"wp:featuredmedia":[{"embeddable":true,"href":"https:\/\/mulgielamuskeskus.ee\/en\/wp-json\/wp\/v2\/media\/2227"}],"wp:attachment":[{"href":"https:\/\/mulgielamuskeskus.ee\/en\/wp-json\/wp\/v2\/media?parent=1722"}],"curies":[{"name":"wp","href":"https:\/\/api.w.org\/{rel}","templated":true}]}}