{"id":1914,"date":"2022-05-15T14:33:39","date_gmt":"2022-05-15T14:33:39","guid":{"rendered":"https:\/\/mulgielamuskeskus.ee\/stasts-par-centru\/"},"modified":"2023-08-22T17:38:47","modified_gmt":"2023-08-22T17:38:47","slug":"stasts-par-centru","status":"publish","type":"page","link":"https:\/\/mulgielamuskeskus.ee\/lv\/stasts-par-centru\/","title":{"rendered":"St\u0101sts par centru"},"content":{"rendered":"\t\t<div data-elementor-type=\"wp-page\" data-elementor-id=\"1914\" class=\"elementor elementor-1914 elementor-49\" data-elementor-post-type=\"page\">\n\t\t\t\t<div class=\"elementor-element elementor-element-5acf9a6 e-flex e-con-boxed e-con e-parent\" data-id=\"5acf9a6\" data-element_type=\"container\" data-e-type=\"container\">\n\t\t\t\t\t<div class=\"e-con-inner\">\n\t\t\t\t<div class=\"elementor-element elementor-element-039d925 elementor-widget elementor-widget-text-editor\" data-id=\"039d925\" data-element_type=\"widget\" data-e-type=\"widget\" data-widget_type=\"text-editor.default\">\n\t\t\t\t<div class=\"elementor-widget-container\">\n\t\t\t\t\t\t\t\t\t<p>\u201cSooglem\u00e4e\u201d lauku saimniec\u012bbas komplekss atrodas Valgas apri\u0146\u0137\u012b, Helmes pagast\u0101, Ala ciem\u0101 un pieder Mulgu kult\u016bras instit\u016btam (turpm\u0101k MKI). 2008.-2009.\u00a0gad\u0101 MKI akt\u012bvi mekl\u0113ja saimniec\u012bbu, kur\u0101 var\u0113tu izveidot centru iepaz\u012bstin\u0101\u0161anai ar kult\u016bras mantojumu un v\u0113sturi. L\u012bdz 2009. gada rudenim MKI pied\u0101v\u0101ja vair\u0101k nek\u0101 30 da\u017e\u0101dus objektus vis\u0101 Mulgim\u0101. Vec\u0101k\u0101s autentisk\u0101s dz\u012bvojam\u0101s m\u0101jas atrodas Mulgim\u0101 dienvidu da\u013c\u0101 Ha\u013c\u013cistes, Karksi un Helmes pagastos. L\u0113mums par labu \u201cSooglem\u00e4e\u201d lauku s\u0113tai tika pie\u0146emts galvenok\u0101rt t\u0101s lab\u0101s atra\u0161an\u0101s vietas d\u0113\u013c: Valgas-\u016alu \u0161osejas tuvums, viet\u0113jais ce\u013c\u0161 ar asfalt\u0113tu segumu; t\u0101du paz\u012bstamu t\u016brisma objektu tuvums k\u0101 T\u0101geperas pils, Helmes pils, alas un avoti, Barclay de Tolly mauzolejs, Korkilas ezeri, Tindres atp\u016btas zona, Teringi purvs. T\u0101pat \u0161\u012b bijus\u012b vec\u0101 liel\u0101 lauku saimniec\u012bba ir labs piem\u0113rs autentiskai v\u0113sturiskajai mulgu lauku s\u0113tai, un kompleksa teritorij\u0101 bija saglab\u0101jusies dz\u012bvojam\u0101 m\u0101ja ar saimniec\u012bbas \u0113k\u0101m (p\u0101r\u0113j\u0101m dz\u012bvojamaj\u0101m m\u0101j\u0101m saimniec\u012bbas \u0113ku nebija).<\/p>\n<p>Mulgim\u0101 pa\u0161vald\u012bbas kop\u012bgi izvirz\u012bja m\u0113r\u0137i net\u0101lu no T\u0101geperas, \u201cSooglem\u00e4e\u201d lauku s\u0113t\u0101 izveidot Mulgim\u0101 apmekl\u0113t\u0101ju centru jeb Mulgu piedz\u012bvojumu centru, kur\u0101 apmekl\u0113t\u0101jiem saisto\u0161\u0101, modern\u0101 veid\u0101 tiktu atdz\u012bvin\u0101ti st\u0101sti par mulgiem, to para\u017eas, mitolo\u0123ija un tradicion\u0101l\u0101 kult\u016bra<\/p>\n<p>Re\u0123iona pa\u0161vald\u012bbu sapnis bija atjaunot kompleksu un izveidot Mulgu piedz\u012bvojumu centru l\u012bdz 2018. gadam uz Igaunijas Republikas 100. dzim\u0161anas dienu.\u00a0<\/p>\n<h2>V\u012bzija<\/h2>\n<p>Jaunais piedz\u012bvojumu centrs ir Mulgim\u0101 identit\u0101tes nes\u0113js, kas ar viedu risin\u0101jumu pal\u012bdz\u012bbu no v\u0113stures veido iedvesmojo\u0161u n\u0101kotni, tas ir atv\u0113rts visai pasaulei, tas vieno viet\u0113jos uz\u0146\u0113mumus un produktus un pied\u0101v\u0101 apmekl\u0113t\u0101jiem zin\u0101\u0161anas, izklaidi, piedz\u012bvojumus un negaid\u012btas idejas.<\/p>\n<h2>Misija<\/h2>\n<p>Mulgu piedz\u012bvojumu centrs uztur un iepaz\u012bstina ar mulgu kult\u016bru, ir labs partneris viet\u0113jiem uz\u0146\u0113m\u0113jiem uz\u0146\u0113m\u0113jdarb\u012bbas veicin\u0101\u0161an\u0101 un pa\u0161vald\u012bb\u0101m re\u0123iona att\u012bst\u012bb\u0101, iedvesmo apmekl\u0113t\u0101jus ar negaid\u012bt\u0101m idej\u0101m un gudriem risin\u0101jumiem, sapr\u0101t\u012bgi izmanto resursus, tostarp dod darbiniekiem iesp\u0113ju sevi \u012bstenot, lai centrs b\u016btu atrakt\u012bvs un re\u0123ionam izdev\u012bgs apmekl\u0113t\u0101ju galam\u0113r\u0137is.<\/p>\n\t\t\t\t\t\t\t\t<\/div>\n\t\t\t\t<\/div>\n\t\t\t\t\t<\/div>\n\t\t\t\t<\/div>\n\t\t<div class=\"elementor-element elementor-element-c099c8e e-flex e-con-boxed e-con e-parent\" data-id=\"c099c8e\" data-element_type=\"container\" data-e-type=\"container\">\n\t\t\t\t\t<div class=\"e-con-inner\">\n\t\t\t\t\t<\/div>\n\t\t\t\t<\/div>\n\t\t<div class=\"elementor-element elementor-element-aff0464 e-flex e-con-boxed e-con e-parent\" data-id=\"aff0464\" data-element_type=\"container\" data-e-type=\"container\">\n\t\t\t\t\t<div class=\"e-con-inner\">\n\t\t\t\t<div class=\"elementor-element elementor-element-71d4bde elementor-view-default elementor-position-block-start elementor-mobile-position-block-start elementor-widget elementor-widget-icon-box\" data-id=\"71d4bde\" data-element_type=\"widget\" data-e-type=\"widget\" data-widget_type=\"icon-box.default\">\n\t\t\t\t<div class=\"elementor-widget-container\">\n\t\t\t\t\t\t\t<div class=\"elementor-icon-box-wrapper\">\n\n\t\t\t\t\t\t<div class=\"elementor-icon-box-icon\">\n\t\t\t\t<a href=\"https:\/\/www.youtube.com\/watch?v=4qF3okYD9sU\" class=\"elementor-icon\" tabindex=\"-1\" aria-label=\"NOKLAUSIES PIRMO REPA DZIESMU MULGU IZLOKSN\u0112 \">\n\t\t\t\t<i aria-hidden=\"true\" class=\"fab fa-youtube\"><\/i>\t\t\t\t<\/a>\n\t\t\t<\/div>\n\t\t\t\n\t\t\t\t\t\t<div class=\"elementor-icon-box-content\">\n\n\t\t\t\t\t\t\t\t\t<h3 class=\"elementor-icon-box-title\">\n\t\t\t\t\t\t<a href=\"https:\/\/www.youtube.com\/watch?v=4qF3okYD9sU\" >\n\t\t\t\t\t\t\tNOKLAUSIES PIRMO REPA DZIESMU MULGU IZLOKSN\u0112 \t\t\t\t\t\t<\/a>\n\t\t\t\t\t<\/h3>\n\t\t\t\t\n\t\t\t\t\t\t\t\t\t<p class=\"elementor-icon-box-description\">\n\t\t\t\t\t\tTommyboy \u201cJaunmulgu himna MLK\u201d (m\u016bzika: Kaspar Kadastik, Jan Pillav \/ v\u0101rdi: Toomas Tilk)\t\t\t\t\t<\/p>\n\t\t\t\t\n\t\t\t<\/div>\n\t\t\t\n\t\t<\/div>\n\t\t\t\t\t\t<\/div>\n\t\t\t\t<\/div>\n\t\t\t\t\t<\/div>\n\t\t\t\t<\/div>\n\t\t<div class=\"elementor-element elementor-element-b886147 e-flex e-con-boxed e-con e-parent\" data-id=\"b886147\" data-element_type=\"container\" data-e-type=\"container\" data-settings=\"{&quot;background_background&quot;:&quot;classic&quot;}\">\n\t\t\t\t\t<div class=\"e-con-inner\">\n\t\t\t\t<div class=\"elementor-element elementor-element-733c503 quote elementor-widget elementor-widget-heading\" data-id=\"733c503\" data-element_type=\"widget\" data-e-type=\"widget\" data-widget_type=\"heading.default\">\n\t\t\t\t<div class=\"elementor-widget-container\">\n\t\t\t\t\t<h1 class=\"elementor-heading-title elementor-size-default\">Mulgu visliel\u0101k\u0101 uzliel\u012b\u0161ana ir tad, kad nav nek\u0101 slikta, ko teikt<\/h1>\t\t\t\t<\/div>\n\t\t\t\t<\/div>\n\t\t\t\t<div class=\"elementor-element elementor-element-ca4b009 elementor-widget elementor-widget-spacer\" data-id=\"ca4b009\" data-element_type=\"widget\" data-e-type=\"widget\" data-widget_type=\"spacer.default\">\n\t\t\t\t<div class=\"elementor-widget-container\">\n\t\t\t\t\t\t\t<div class=\"elementor-spacer\">\n\t\t\t<div class=\"elementor-spacer-inner\"><\/div>\n\t\t<\/div>\n\t\t\t\t\t\t<\/div>\n\t\t\t\t<\/div>\n\t\t<div class=\"elementor-element elementor-element-fc28c37 e-flex e-con-boxed e-con e-parent\" data-id=\"fc28c37\" data-element_type=\"container\" data-e-type=\"container\">\n\t\t\t\t\t<div class=\"e-con-inner\">\n\t\t\t\t<div class=\"elementor-element elementor-element-dd3861d elementor-widget elementor-widget-heading\" data-id=\"dd3861d\" data-element_type=\"widget\" data-e-type=\"widget\" data-widget_type=\"heading.default\">\n\t\t\t\t<div class=\"elementor-widget-container\">\n\t\t\t\t\t<h3 class=\"elementor-heading-title elementor-size-default\">Koncepcija<\/h3>\t\t\t\t<\/div>\n\t\t\t\t<\/div>\n\t\t\t\t<div class=\"elementor-element elementor-element-2467565 elementor-widget elementor-widget-heading\" data-id=\"2467565\" data-element_type=\"widget\" data-e-type=\"widget\" data-widget_type=\"heading.default\">\n\t\t\t\t<div class=\"elementor-widget-container\">\n\t\t\t\t\t<h3 class=\"elementor-heading-title elementor-size-default\">Sille Roomets, Reigo Ahven, Maido Ruusmann, Valdur Mikita, Andres R\u00f5igas, Kaja Allilender, Jaanus Kukk, Mihkel Laan<\/h3>\t\t\t\t<\/div>\n\t\t\t\t<\/div>\n\t\t\t\t\t<\/div>\n\t\t\t\t<\/div>\n\t\t<div class=\"elementor-element elementor-element-fdbaf70 e-flex e-con-boxed e-con e-parent\" data-id=\"fdbaf70\" data-element_type=\"container\" data-e-type=\"container\">\n\t\t\t\t\t<div class=\"e-con-inner\">\n\t\t\t\t<div class=\"elementor-element elementor-element-df3dc18 elementor-widget elementor-widget-heading\" data-id=\"df3dc18\" data-element_type=\"widget\" data-e-type=\"widget\" data-widget_type=\"heading.default\">\n\t\t\t\t<div class=\"elementor-widget-container\">\n\t\t\t\t\t<h3 class=\"elementor-heading-title elementor-size-default\">Idejas risin\u0101jums un projekt\u0113t\u0101ji<\/h3>\t\t\t\t<\/div>\n\t\t\t\t<\/div>\n\t\t\t\t<div class=\"elementor-element elementor-element-5cbc701 elementor-widget elementor-widget-heading\" data-id=\"5cbc701\" data-element_type=\"widget\" data-e-type=\"widget\" data-widget_type=\"heading.default\">\n\t\t\t\t<div class=\"elementor-widget-container\">\n\t\t\t\t\t<h3 class=\"elementor-heading-title elementor-size-default\">Tanel Teder, Helen Rebane, Kaie Kuldkepp, Elo- Lina Kaivo (\u201cN\u00dc\u00dcD Arhitektid\u201d O\u00dc)<\/h3>\t\t\t\t<\/div>\n\t\t\t\t<\/div>\n\t\t\t\t\t<\/div>\n\t\t\t\t<\/div>\n\t\t<div class=\"elementor-element elementor-element-3404c41 e-flex e-con-boxed e-con e-parent\" data-id=\"3404c41\" data-element_type=\"container\" data-e-type=\"container\">\n\t\t\t\t\t<div class=\"e-con-inner\">\n\t\t\t\t<div class=\"elementor-element elementor-element-1e79add elementor-widget elementor-widget-heading\" data-id=\"1e79add\" data-element_type=\"widget\" data-e-type=\"widget\" data-widget_type=\"heading.default\">\n\t\t\t\t<div class=\"elementor-widget-container\">\n\t\t\t\t\t<h3 class=\"elementor-heading-title elementor-size-default\">Centra izveides projekta vad\u012bt\u0101js<\/h3>\t\t\t\t<\/div>\n\t\t\t\t<\/div>\n\t\t\t\t<div class=\"elementor-element elementor-element-231ab81 elementor-widget elementor-widget-heading\" data-id=\"231ab81\" data-element_type=\"widget\" data-e-type=\"widget\" data-widget_type=\"heading.default\">\n\t\t\t\t<div class=\"elementor-widget-container\">\n\t\t\t\t\t<h3 class=\"elementor-heading-title elementor-size-default\">Sille Roomets<\/h3>\t\t\t\t<\/div>\n\t\t\t\t<\/div>\n\t\t\t\t\t<\/div>\n\t\t\t\t<\/div>\n\t\t<div class=\"elementor-element elementor-element-dd0f440 e-flex e-con-boxed e-con e-parent\" data-id=\"dd0f440\" data-element_type=\"container\" data-e-type=\"container\">\n\t\t\t\t\t<div class=\"e-con-inner\">\n\t\t\t\t<div class=\"elementor-element elementor-element-c3cdf1a elementor-widget elementor-widget-heading\" data-id=\"c3cdf1a\" data-element_type=\"widget\" data-e-type=\"widget\" data-widget_type=\"heading.default\">\n\t\t\t\t<div class=\"elementor-widget-container\">\n\t\t\t\t\t<h3 class=\"elementor-heading-title elementor-size-default\">Ekspoz\u012bcijas satura veidot\u0101ji<\/h3>\t\t\t\t<\/div>\n\t\t\t\t<\/div>\n\t\t\t\t<div class=\"elementor-element elementor-element-fb4987c elementor-widget elementor-widget-heading\" data-id=\"fb4987c\" data-element_type=\"widget\" data-e-type=\"widget\" data-widget_type=\"heading.default\">\n\t\t\t\t<div class=\"elementor-widget-container\">\n\t\t\t\t\t<h3 class=\"elementor-heading-title elementor-size-default\">Sille Roomets, Helen Rebane, Tanel Teder (\u201cN\u00dc\u00dcD Arhitektid\u201d O\u00dc), Krista Sarv, Mari Tosmin, Tiina J\u00fcrgen, Inna Raud, Ursula Erik (ang\u013cu valoda), Kristi Ilves (mulgu valoda) <\/h3>\t\t\t\t<\/div>\n\t\t\t\t<\/div>\n\t\t\t\t\t<\/div>\n\t\t\t\t<\/div>\n\t\t<div class=\"elementor-element elementor-element-a6570c0 e-flex e-con-boxed e-con e-parent\" data-id=\"a6570c0\" data-element_type=\"container\" data-e-type=\"container\">\n\t\t\t\t\t<div class=\"e-con-inner\">\n\t\t\t\t<div class=\"elementor-element elementor-element-07eb144 elementor-widget elementor-widget-heading\" data-id=\"07eb144\" data-element_type=\"widget\" data-e-type=\"widget\" data-widget_type=\"heading.default\">\n\t\t\t\t<div class=\"elementor-widget-container\">\n\t\t\t\t\t<h3 class=\"elementor-heading-title elementor-size-default\">Ekspoz\u012bcijas veidot\u0101ji<\/h3>\t\t\t\t<\/div>\n\t\t\t\t<\/div>\n\t\t\t\t<div class=\"elementor-element elementor-element-11aca16 elementor-widget elementor-widget-heading\" data-id=\"11aca16\" data-element_type=\"widget\" data-e-type=\"widget\" data-widget_type=\"heading.default\">\n\t\t\t\t<div class=\"elementor-widget-container\">\n\t\t\t\t\t<h3 class=\"elementor-heading-title elementor-size-default\">Ott Roots, Reigo Rand (\u201cMotor\u201d O\u00dc), Eero Ehala<\/h3>\t\t\t\t<\/div>\n\t\t\t\t<\/div>\n\t\t\t\t\t<\/div>\n\t\t\t\t<\/div>\n\t\t<div class=\"elementor-element elementor-element-882ea29 e-flex e-con-boxed e-con e-parent\" data-id=\"882ea29\" data-element_type=\"container\" data-e-type=\"container\">\n\t\t\t\t\t<div class=\"e-con-inner\">\n\t\t\t\t<div class=\"elementor-element elementor-element-569de9e elementor-widget elementor-widget-heading\" data-id=\"569de9e\" data-element_type=\"widget\" data-e-type=\"widget\" data-widget_type=\"heading.default\">\n\t\t\t\t<div class=\"elementor-widget-container\">\n\t\t\t\t\t<h3 class=\"elementor-heading-title elementor-size-default\">Grafiskais dizaineris<\/h3>\t\t\t\t<\/div>\n\t\t\t\t<\/div>\n\t\t\t\t<div class=\"elementor-element elementor-element-1603ed9 elementor-widget elementor-widget-heading\" data-id=\"1603ed9\" data-element_type=\"widget\" data-e-type=\"widget\" data-widget_type=\"heading.default\">\n\t\t\t\t<div class=\"elementor-widget-container\">\n\t\t\t\t\t<h3 class=\"elementor-heading-title elementor-size-default\">Mari Tosmin<\/h3>\t\t\t\t<\/div>\n\t\t\t\t<\/div>\n\t\t\t\t\t<\/div>\n\t\t\t\t<\/div>\n\t\t<div class=\"elementor-element elementor-element-71f3c9f e-flex e-con-boxed e-con e-parent\" data-id=\"71f3c9f\" data-element_type=\"container\" data-e-type=\"container\">\n\t\t\t\t\t<div class=\"e-con-inner\">\n\t\t\t\t<div class=\"elementor-element elementor-element-d6ad007 elementor-widget elementor-widget-heading\" data-id=\"d6ad007\" data-element_type=\"widget\" data-e-type=\"widget\" data-widget_type=\"heading.default\">\n\t\t\t\t<div class=\"elementor-widget-container\">\n\t\t\t\t\t<h3 class=\"elementor-heading-title elementor-size-default\">Multimediju risin\u0101jumi<\/h3>\t\t\t\t<\/div>\n\t\t\t\t<\/div>\n\t\t\t\t<div class=\"elementor-element elementor-element-ccd122d elementor-widget elementor-widget-heading\" data-id=\"ccd122d\" data-element_type=\"widget\" data-e-type=\"widget\" data-widget_type=\"heading.default\">\n\t\t\t\t<div class=\"elementor-widget-container\">\n\t\t\t\t\t<h3 class=\"elementor-heading-title elementor-size-default\">Reigo Unt (\u201cFuture Media\u201d O\u00dc), Juri Tretjakov (\u201cAtea\u201d AS), \u201cIgikelts\u201d O\u00dc, Taavi Bergmann (\u201cTaavidMeedia\u201d O\u00dc) <\/h3>\t\t\t\t<\/div>\n\t\t\t\t<\/div>\n\t\t\t\t\t<\/div>\n\t\t\t\t<\/div>\n\t\t<div class=\"elementor-element elementor-element-306cb3a e-flex e-con-boxed e-con e-parent\" data-id=\"306cb3a\" data-element_type=\"container\" data-e-type=\"container\">\n\t\t\t\t\t<div class=\"e-con-inner\">\n\t\t\t\t<div class=\"elementor-element elementor-element-8c84de3 elementor-widget elementor-widget-heading\" data-id=\"8c84de3\" data-element_type=\"widget\" data-e-type=\"widget\" data-widget_type=\"heading.default\">\n\t\t\t\t<div class=\"elementor-widget-container\">\n\t\t\t\t\t<h2 class=\"elementor-heading-title elementor-size-default\">Paldies! <\/h2>\t\t\t\t<\/div>\n\t\t\t\t<\/div>\n\t\t\t\t\t<\/div>\n\t\t\t\t<\/div>\n\t\t\t\t\t<\/div>\n\t\t\t\t<\/div>\n\t\t\t\t<\/div>\n\t\t","protected":false},"excerpt":{"rendered":"<p>\u201cSooglem\u00e4e\u201d lauku saimniec\u012bbas komplekss atrodas Valgas apri\u0146\u0137\u012b, Helmes pagast\u0101, Ala ciem\u0101 un pieder Mulgu kult\u016bras instit\u016btam (turpm\u0101k MKI). 2008.-2009.\u00a0gad\u0101 MKI akt\u012bvi mekl\u0113ja saimniec\u012bbu, kur\u0101 var\u0113tu izveidot centru iepaz\u012bstin\u0101\u0161anai ar kult\u016bras mantojumu un v\u0113sturi. L\u012bdz 2009. gada rudenim MKI pied\u0101v\u0101ja vair\u0101k nek\u0101 30 da\u017e\u0101dus objektus vis\u0101 Mulgim\u0101. Vec\u0101k\u0101s autentisk\u0101s dz\u012bvojam\u0101s m\u0101jas atrodas Mulgim\u0101 dienvidu da\u013c\u0101 Ha\u013c\u013cistes, [&hellip;]<\/p>\n","protected":false},"author":1,"featured_media":0,"parent":0,"menu_order":0,"comment_status":"closed","ping_status":"closed","template":"","meta":{"footnotes":""},"class_list":["post-1914","page","type-page","status-publish","hentry"],"yoast_head":"<!-- This site is optimized with the Yoast SEO plugin v27.4 - https:\/\/yoast.com\/product\/yoast-seo-wordpress\/ -->\n<title>St\u0101sts par centru | Mulgi Elamuskeskus<\/title>\n<meta name=\"robots\" content=\"index, follow, max-snippet:-1, max-image-preview:large, max-video-preview:-1\" \/>\n<link rel=\"canonical\" href=\"https:\/\/mulgielamuskeskus.ee\/lv\/stasts-par-centru\/\" \/>\n<meta property=\"og:locale\" content=\"lv_LV\" \/>\n<meta property=\"og:type\" content=\"article\" \/>\n<meta property=\"og:title\" content=\"St\u0101sts par centru | Mulgi Elamuskeskus\" \/>\n<meta property=\"og:description\" content=\"\u201cSooglem\u00e4e\u201d lauku saimniec\u012bbas komplekss atrodas Valgas apri\u0146\u0137\u012b, Helmes pagast\u0101, Ala ciem\u0101 un pieder Mulgu kult\u016bras instit\u016btam (turpm\u0101k MKI). 2008.-2009.\u00a0gad\u0101 MKI akt\u012bvi mekl\u0113ja saimniec\u012bbu, kur\u0101 var\u0113tu izveidot centru iepaz\u012bstin\u0101\u0161anai ar kult\u016bras mantojumu un v\u0113sturi. L\u012bdz 2009. gada rudenim MKI pied\u0101v\u0101ja vair\u0101k nek\u0101 30 da\u017e\u0101dus objektus vis\u0101 Mulgim\u0101. Vec\u0101k\u0101s autentisk\u0101s dz\u012bvojam\u0101s m\u0101jas atrodas Mulgim\u0101 dienvidu da\u013c\u0101 Ha\u013c\u013cistes, [&hellip;]\" \/>\n<meta property=\"og:url\" content=\"https:\/\/mulgielamuskeskus.ee\/lv\/stasts-par-centru\/\" \/>\n<meta property=\"og:site_name\" content=\"Mulgi Elamuskeskus\" \/>\n<meta property=\"article:publisher\" content=\"https:\/\/www.facebook.com\/mulgielamuskeskus\" \/>\n<meta property=\"article:modified_time\" content=\"2023-08-22T17:38:47+00:00\" \/>\n<meta property=\"og:image\" content=\"https:\/\/mulgielamuskeskus.ee\/wp-content\/uploads\/2023\/10\/DSC05528-scaled.jpg\" \/>\n\t<meta property=\"og:image:width\" content=\"2560\" \/>\n\t<meta property=\"og:image:height\" content=\"1707\" \/>\n\t<meta property=\"og:image:type\" content=\"image\/jpeg\" \/>\n<meta name=\"twitter:card\" content=\"summary_large_image\" \/>\n<meta name=\"twitter:label1\" content=\"Est. reading time\" \/>\n\t<meta name=\"twitter:data1\" content=\"3 minutes\" \/>\n<script type=\"application\/ld+json\" class=\"yoast-schema-graph\">{\"@context\":\"https:\\\/\\\/schema.org\",\"@graph\":[{\"@type\":\"WebPage\",\"@id\":\"https:\\\/\\\/mulgielamuskeskus.ee\\\/lv\\\/stasts-par-centru\\\/\",\"url\":\"https:\\\/\\\/mulgielamuskeskus.ee\\\/lv\\\/stasts-par-centru\\\/\",\"name\":\"St\u0101sts par centru | Mulgi Elamuskeskus\",\"isPartOf\":{\"@id\":\"https:\\\/\\\/mulgielamuskeskus.ee\\\/#website\"},\"datePublished\":\"2022-05-15T14:33:39+00:00\",\"dateModified\":\"2023-08-22T17:38:47+00:00\",\"breadcrumb\":{\"@id\":\"https:\\\/\\\/mulgielamuskeskus.ee\\\/lv\\\/stasts-par-centru\\\/#breadcrumb\"},\"inLanguage\":\"lv-LV\",\"potentialAction\":[{\"@type\":\"ReadAction\",\"target\":[\"https:\\\/\\\/mulgielamuskeskus.ee\\\/lv\\\/stasts-par-centru\\\/\"]}]},{\"@type\":\"BreadcrumbList\",\"@id\":\"https:\\\/\\\/mulgielamuskeskus.ee\\\/lv\\\/stasts-par-centru\\\/#breadcrumb\",\"itemListElement\":[{\"@type\":\"ListItem\",\"position\":1,\"name\":\"Home\",\"item\":\"https:\\\/\\\/mulgielamuskeskus.ee\\\/lv\\\/\"},{\"@type\":\"ListItem\",\"position\":2,\"name\":\"St\u0101sts par centru\"}]},{\"@type\":\"WebSite\",\"@id\":\"https:\\\/\\\/mulgielamuskeskus.ee\\\/#website\",\"url\":\"https:\\\/\\\/mulgielamuskeskus.ee\\\/\",\"name\":\"Mulgi Elamuskeskus\",\"description\":\"\",\"publisher\":{\"@id\":\"https:\\\/\\\/mulgielamuskeskus.ee\\\/#organization\"},\"potentialAction\":[{\"@type\":\"SearchAction\",\"target\":{\"@type\":\"EntryPoint\",\"urlTemplate\":\"https:\\\/\\\/mulgielamuskeskus.ee\\\/?s={search_term_string}\"},\"query-input\":{\"@type\":\"PropertyValueSpecification\",\"valueRequired\":true,\"valueName\":\"search_term_string\"}}],\"inLanguage\":\"lv-LV\"},{\"@type\":\"Organization\",\"@id\":\"https:\\\/\\\/mulgielamuskeskus.ee\\\/#organization\",\"name\":\"Mulgi Elamuskeskus MT\u00dc\",\"url\":\"https:\\\/\\\/mulgielamuskeskus.ee\\\/\",\"logo\":{\"@type\":\"ImageObject\",\"inLanguage\":\"lv-LV\",\"@id\":\"https:\\\/\\\/mulgielamuskeskus.ee\\\/#\\\/schema\\\/logo\\\/image\\\/\",\"url\":\"https:\\\/\\\/mulgielamuskeskus.ee\\\/wp-content\\\/uploads\\\/2022\\\/05\\\/MulgiElamuskeskus_ico.jpg\",\"contentUrl\":\"https:\\\/\\\/mulgielamuskeskus.ee\\\/wp-content\\\/uploads\\\/2022\\\/05\\\/MulgiElamuskeskus_ico.jpg\",\"width\":520,\"height\":520,\"caption\":\"Mulgi Elamuskeskus MT\u00dc\"},\"image\":{\"@id\":\"https:\\\/\\\/mulgielamuskeskus.ee\\\/#\\\/schema\\\/logo\\\/image\\\/\"},\"sameAs\":[\"https:\\\/\\\/www.facebook.com\\\/mulgielamuskeskus\",\"https:\\\/\\\/www.instagram.com\\\/mulgielamuskeskus\\\/\"]}]}<\/script>\n<!-- \/ Yoast SEO plugin. -->","yoast_head_json":{"title":"St\u0101sts par centru | Mulgi Elamuskeskus","robots":{"index":"index","follow":"follow","max-snippet":"max-snippet:-1","max-image-preview":"max-image-preview:large","max-video-preview":"max-video-preview:-1"},"canonical":"https:\/\/mulgielamuskeskus.ee\/lv\/stasts-par-centru\/","og_locale":"lv_LV","og_type":"article","og_title":"St\u0101sts par centru | Mulgi Elamuskeskus","og_description":"\u201cSooglem\u00e4e\u201d lauku saimniec\u012bbas komplekss atrodas Valgas apri\u0146\u0137\u012b, Helmes pagast\u0101, Ala ciem\u0101 un pieder Mulgu kult\u016bras instit\u016btam (turpm\u0101k MKI). 2008.-2009.\u00a0gad\u0101 MKI akt\u012bvi mekl\u0113ja saimniec\u012bbu, kur\u0101 var\u0113tu izveidot centru iepaz\u012bstin\u0101\u0161anai ar kult\u016bras mantojumu un v\u0113sturi. L\u012bdz 2009. gada rudenim MKI pied\u0101v\u0101ja vair\u0101k nek\u0101 30 da\u017e\u0101dus objektus vis\u0101 Mulgim\u0101. Vec\u0101k\u0101s autentisk\u0101s dz\u012bvojam\u0101s m\u0101jas atrodas Mulgim\u0101 dienvidu da\u013c\u0101 Ha\u013c\u013cistes, [&hellip;]","og_url":"https:\/\/mulgielamuskeskus.ee\/lv\/stasts-par-centru\/","og_site_name":"Mulgi Elamuskeskus","article_publisher":"https:\/\/www.facebook.com\/mulgielamuskeskus","article_modified_time":"2023-08-22T17:38:47+00:00","og_image":[{"width":2560,"height":1707,"url":"https:\/\/mulgielamuskeskus.ee\/wp-content\/uploads\/2023\/10\/DSC05528-scaled.jpg","type":"image\/jpeg"}],"twitter_card":"summary_large_image","twitter_misc":{"Est. reading time":"3 minutes"},"schema":{"@context":"https:\/\/schema.org","@graph":[{"@type":"WebPage","@id":"https:\/\/mulgielamuskeskus.ee\/lv\/stasts-par-centru\/","url":"https:\/\/mulgielamuskeskus.ee\/lv\/stasts-par-centru\/","name":"St\u0101sts par centru | Mulgi Elamuskeskus","isPartOf":{"@id":"https:\/\/mulgielamuskeskus.ee\/#website"},"datePublished":"2022-05-15T14:33:39+00:00","dateModified":"2023-08-22T17:38:47+00:00","breadcrumb":{"@id":"https:\/\/mulgielamuskeskus.ee\/lv\/stasts-par-centru\/#breadcrumb"},"inLanguage":"lv-LV","potentialAction":[{"@type":"ReadAction","target":["https:\/\/mulgielamuskeskus.ee\/lv\/stasts-par-centru\/"]}]},{"@type":"BreadcrumbList","@id":"https:\/\/mulgielamuskeskus.ee\/lv\/stasts-par-centru\/#breadcrumb","itemListElement":[{"@type":"ListItem","position":1,"name":"Home","item":"https:\/\/mulgielamuskeskus.ee\/lv\/"},{"@type":"ListItem","position":2,"name":"St\u0101sts par centru"}]},{"@type":"WebSite","@id":"https:\/\/mulgielamuskeskus.ee\/#website","url":"https:\/\/mulgielamuskeskus.ee\/","name":"Mulgi Elamuskeskus","description":"","publisher":{"@id":"https:\/\/mulgielamuskeskus.ee\/#organization"},"potentialAction":[{"@type":"SearchAction","target":{"@type":"EntryPoint","urlTemplate":"https:\/\/mulgielamuskeskus.ee\/?s={search_term_string}"},"query-input":{"@type":"PropertyValueSpecification","valueRequired":true,"valueName":"search_term_string"}}],"inLanguage":"lv-LV"},{"@type":"Organization","@id":"https:\/\/mulgielamuskeskus.ee\/#organization","name":"Mulgi Elamuskeskus MT\u00dc","url":"https:\/\/mulgielamuskeskus.ee\/","logo":{"@type":"ImageObject","inLanguage":"lv-LV","@id":"https:\/\/mulgielamuskeskus.ee\/#\/schema\/logo\/image\/","url":"https:\/\/mulgielamuskeskus.ee\/wp-content\/uploads\/2022\/05\/MulgiElamuskeskus_ico.jpg","contentUrl":"https:\/\/mulgielamuskeskus.ee\/wp-content\/uploads\/2022\/05\/MulgiElamuskeskus_ico.jpg","width":520,"height":520,"caption":"Mulgi Elamuskeskus MT\u00dc"},"image":{"@id":"https:\/\/mulgielamuskeskus.ee\/#\/schema\/logo\/image\/"},"sameAs":["https:\/\/www.facebook.com\/mulgielamuskeskus","https:\/\/www.instagram.com\/mulgielamuskeskus\/"]}]}},"_links":{"self":[{"href":"https:\/\/mulgielamuskeskus.ee\/lv\/wp-json\/wp\/v2\/pages\/1914","targetHints":{"allow":["GET"]}}],"collection":[{"href":"https:\/\/mulgielamuskeskus.ee\/lv\/wp-json\/wp\/v2\/pages"}],"about":[{"href":"https:\/\/mulgielamuskeskus.ee\/lv\/wp-json\/wp\/v2\/types\/page"}],"author":[{"embeddable":true,"href":"https:\/\/mulgielamuskeskus.ee\/lv\/wp-json\/wp\/v2\/users\/1"}],"replies":[{"embeddable":true,"href":"https:\/\/mulgielamuskeskus.ee\/lv\/wp-json\/wp\/v2\/comments?post=1914"}],"version-history":[{"count":2,"href":"https:\/\/mulgielamuskeskus.ee\/lv\/wp-json\/wp\/v2\/pages\/1914\/revisions"}],"predecessor-version":[{"id":1918,"href":"https:\/\/mulgielamuskeskus.ee\/lv\/wp-json\/wp\/v2\/pages\/1914\/revisions\/1918"}],"wp:attachment":[{"href":"https:\/\/mulgielamuskeskus.ee\/lv\/wp-json\/wp\/v2\/media?parent=1914"}],"curies":[{"name":"wp","href":"https:\/\/api.w.org\/{rel}","templated":true}]}}