{"id":1917,"date":"2022-05-15T14:33:47","date_gmt":"2022-05-15T14:33:47","guid":{"rendered":"https:\/\/mulgielamuskeskus.ee\/kontakti\/"},"modified":"2026-02-06T12:11:31","modified_gmt":"2026-02-06T12:11:31","slug":"kontakti","status":"publish","type":"page","link":"https:\/\/mulgielamuskeskus.ee\/lv\/kontakti\/","title":{"rendered":"Kontakti"},"content":{"rendered":"\t\t<div data-elementor-type=\"wp-page\" data-elementor-id=\"1917\" class=\"elementor elementor-1917 elementor-51\" data-elementor-post-type=\"page\">\n\t\t\t\t<div class=\"elementor-element elementor-element-6761d94 e-flex e-con-boxed e-con e-parent\" data-id=\"6761d94\" data-element_type=\"container\" data-e-type=\"container\">\n\t\t\t\t\t<div class=\"e-con-inner\">\n\t\t<div class=\"elementor-element elementor-element-f079975 e-con-full e-flex e-con e-child\" data-id=\"f079975\" data-element_type=\"container\" data-e-type=\"container\" data-settings=\"{&quot;background_background&quot;:&quot;classic&quot;}\">\n\t\t\t\t<div class=\"elementor-element elementor-element-651500c elementor-widget elementor-widget-heading\" data-id=\"651500c\" data-element_type=\"widget\" data-e-type=\"widget\" data-widget_type=\"heading.default\">\n\t\t\t\t<div class=\"elementor-widget-container\">\n\t\t\t\t\t<h3 class=\"elementor-heading-title elementor-size-default\">Are Tints<\/h3>\t\t\t\t<\/div>\n\t\t\t\t<\/div>\n\t\t\t\t<div class=\"elementor-element elementor-element-7d60f9f elementor-widget elementor-widget-heading\" data-id=\"7d60f9f\" data-element_type=\"widget\" data-e-type=\"widget\" data-widget_type=\"heading.default\">\n\t\t\t\t<div class=\"elementor-widget-container\">\n\t\t\t\t\t<h3 class=\"elementor-heading-title elementor-size-default\">Izpilddirektors<\/h3>\t\t\t\t<\/div>\n\t\t\t\t<\/div>\n\t\t\t\t<div class=\"elementor-element elementor-element-0017c06 elementor-widget elementor-widget-text-editor\" data-id=\"0017c06\" data-element_type=\"widget\" data-e-type=\"widget\" data-widget_type=\"text-editor.default\">\n\t\t\t\t<div class=\"elementor-widget-container\">\n\t\t\t\t\t\t\t\t\t<p>+372 5557 0661<br \/>are@mulgimaa.ee<\/p>\t\t\t\t\t\t\t\t<\/div>\n\t\t\t\t<\/div>\n\t\t\t\t<\/div>\n\t\t<div class=\"elementor-element elementor-element-828e9fe e-con-full e-flex e-con e-child\" data-id=\"828e9fe\" data-element_type=\"container\" data-e-type=\"container\" data-settings=\"{&quot;background_background&quot;:&quot;classic&quot;}\">\n\t\t\t\t<div class=\"elementor-element elementor-element-fcfe46e elementor-widget elementor-widget-heading\" data-id=\"fcfe46e\" data-element_type=\"widget\" data-e-type=\"widget\" data-widget_type=\"heading.default\">\n\t\t\t\t<div class=\"elementor-widget-container\">\n\t\t\t\t\t<h3 class=\"elementor-heading-title elementor-size-default\">Jaanika Toome<\/h3>\t\t\t\t<\/div>\n\t\t\t\t<\/div>\n\t\t\t\t<div class=\"elementor-element elementor-element-d305a9e elementor-widget elementor-widget-heading\" data-id=\"d305a9e\" data-element_type=\"widget\" data-e-type=\"widget\" data-widget_type=\"heading.default\">\n\t\t\t\t<div class=\"elementor-widget-container\">\n\t\t\t\t\t<h3 class=\"elementor-heading-title elementor-size-default\"> P\u0101rdo\u0161anas un m\u0101rketings vad\u012bt\u0101js<\/h3>\t\t\t\t<\/div>\n\t\t\t\t<\/div>\n\t\t\t\t<div class=\"elementor-element elementor-element-5f5e27b elementor-widget elementor-widget-text-editor\" data-id=\"5f5e27b\" data-element_type=\"widget\" data-e-type=\"widget\" data-widget_type=\"text-editor.default\">\n\t\t\t\t<div class=\"elementor-widget-container\">\n\t\t\t\t\t\t\t\t\t<p>+372\u00a0<span style=\"font-variant-ligatures: normal; orphans: 2; widows: 2; text-decoration-thickness: initial; text-decoration-style: initial; text-decoration-color: initial;\">508 6856<\/span><br \/><a href=\"mailto:jaanika@mulgielamuskeskus.ee\">jaanika@mulgielamuskeskus.ee<\/a><\/p>\t\t\t\t\t\t\t\t<\/div>\n\t\t\t\t<\/div>\n\t\t\t\t<\/div>\n\t\t\t\t\t<\/div>\n\t\t\t\t<\/div>\n\t\t\t\t<\/div>\n\t\t","protected":false},"excerpt":{"rendered":"<p>Are Tints Izpilddirektors +372 5557 0661are@mulgimaa.ee Jaanika Toome P\u0101rdo\u0161anas un m\u0101rketings vad\u012bt\u0101js +372\u00a0508 6856jaanika@mulgielamuskeskus.ee<\/p>\n","protected":false},"author":1,"featured_media":2591,"parent":0,"menu_order":0,"comment_status":"closed","ping_status":"closed","template":"","meta":{"footnotes":""},"class_list":["post-1917","page","type-page","status-publish","has-post-thumbnail","hentry"],"yoast_head":"<!-- This site is optimized with the Yoast SEO plugin v27.3 - https:\/\/yoast.com\/product\/yoast-seo-wordpress\/ -->\n<title>Kontakti | Mulgi Elamuskeskus<\/title>\n<meta name=\"robots\" content=\"index, follow, max-snippet:-1, max-image-preview:large, max-video-preview:-1\" \/>\n<link rel=\"canonical\" href=\"https:\/\/mulgielamuskeskus.ee\/lv\/kontakti\/\" \/>\n<meta property=\"og:locale\" content=\"lv_LV\" \/>\n<meta property=\"og:type\" content=\"article\" \/>\n<meta property=\"og:title\" content=\"Kontakti | Mulgi Elamuskeskus\" \/>\n<meta property=\"og:description\" content=\"Are Tints Izpilddirektors +372 5557 0661are@mulgimaa.ee Jaanika Toome P\u0101rdo\u0161anas un m\u0101rketings vad\u012bt\u0101js +372\u00a0508 6856jaanika@mulgielamuskeskus.ee\" \/>\n<meta property=\"og:url\" content=\"https:\/\/mulgielamuskeskus.ee\/lv\/kontakti\/\" \/>\n<meta property=\"og:site_name\" content=\"Mulgi Elamuskeskus\" \/>\n<meta property=\"article:publisher\" content=\"https:\/\/www.facebook.com\/mulgielamuskeskus\" \/>\n<meta property=\"article:modified_time\" content=\"2026-02-06T12:11:31+00:00\" \/>\n<meta property=\"og:image\" content=\"https:\/\/mulgielamuskeskus.ee\/wp-content\/uploads\/2023\/11\/DSC05652-scaled.jpg\" \/>\n\t<meta property=\"og:image:width\" content=\"2560\" \/>\n\t<meta property=\"og:image:height\" content=\"1707\" \/>\n\t<meta property=\"og:image:type\" content=\"image\/jpeg\" \/>\n<meta name=\"twitter:card\" content=\"summary_large_image\" \/>\n<meta name=\"twitter:label1\" content=\"Est. reading time\" \/>\n\t<meta name=\"twitter:data1\" content=\"1 minute\" \/>\n<script type=\"application\/ld+json\" class=\"yoast-schema-graph\">{\"@context\":\"https:\\\/\\\/schema.org\",\"@graph\":[{\"@type\":\"WebPage\",\"@id\":\"https:\\\/\\\/mulgielamuskeskus.ee\\\/lv\\\/kontakti\\\/\",\"url\":\"https:\\\/\\\/mulgielamuskeskus.ee\\\/lv\\\/kontakti\\\/\",\"name\":\"Kontakti | Mulgi Elamuskeskus\",\"isPartOf\":{\"@id\":\"https:\\\/\\\/mulgielamuskeskus.ee\\\/#website\"},\"primaryImageOfPage\":{\"@id\":\"https:\\\/\\\/mulgielamuskeskus.ee\\\/lv\\\/kontakti\\\/#primaryimage\"},\"image\":{\"@id\":\"https:\\\/\\\/mulgielamuskeskus.ee\\\/lv\\\/kontakti\\\/#primaryimage\"},\"thumbnailUrl\":\"https:\\\/\\\/mulgielamuskeskus.ee\\\/wp-content\\\/uploads\\\/2023\\\/11\\\/DSC05652-scaled.jpg\",\"datePublished\":\"2022-05-15T14:33:47+00:00\",\"dateModified\":\"2026-02-06T12:11:31+00:00\",\"breadcrumb\":{\"@id\":\"https:\\\/\\\/mulgielamuskeskus.ee\\\/lv\\\/kontakti\\\/#breadcrumb\"},\"inLanguage\":\"lv-LV\",\"potentialAction\":[{\"@type\":\"ReadAction\",\"target\":[\"https:\\\/\\\/mulgielamuskeskus.ee\\\/lv\\\/kontakti\\\/\"]}]},{\"@type\":\"ImageObject\",\"inLanguage\":\"lv-LV\",\"@id\":\"https:\\\/\\\/mulgielamuskeskus.ee\\\/lv\\\/kontakti\\\/#primaryimage\",\"url\":\"https:\\\/\\\/mulgielamuskeskus.ee\\\/wp-content\\\/uploads\\\/2023\\\/11\\\/DSC05652-scaled.jpg\",\"contentUrl\":\"https:\\\/\\\/mulgielamuskeskus.ee\\\/wp-content\\\/uploads\\\/2023\\\/11\\\/DSC05652-scaled.jpg\",\"width\":2560,\"height\":1707},{\"@type\":\"BreadcrumbList\",\"@id\":\"https:\\\/\\\/mulgielamuskeskus.ee\\\/lv\\\/kontakti\\\/#breadcrumb\",\"itemListElement\":[{\"@type\":\"ListItem\",\"position\":1,\"name\":\"Home\",\"item\":\"https:\\\/\\\/mulgielamuskeskus.ee\\\/lv\\\/\"},{\"@type\":\"ListItem\",\"position\":2,\"name\":\"Kontakti\"}]},{\"@type\":\"WebSite\",\"@id\":\"https:\\\/\\\/mulgielamuskeskus.ee\\\/#website\",\"url\":\"https:\\\/\\\/mulgielamuskeskus.ee\\\/\",\"name\":\"Mulgi Elamuskeskus\",\"description\":\"\",\"publisher\":{\"@id\":\"https:\\\/\\\/mulgielamuskeskus.ee\\\/#organization\"},\"potentialAction\":[{\"@type\":\"SearchAction\",\"target\":{\"@type\":\"EntryPoint\",\"urlTemplate\":\"https:\\\/\\\/mulgielamuskeskus.ee\\\/?s={search_term_string}\"},\"query-input\":{\"@type\":\"PropertyValueSpecification\",\"valueRequired\":true,\"valueName\":\"search_term_string\"}}],\"inLanguage\":\"lv-LV\"},{\"@type\":\"Organization\",\"@id\":\"https:\\\/\\\/mulgielamuskeskus.ee\\\/#organization\",\"name\":\"Mulgi Elamuskeskus MT\u00dc\",\"url\":\"https:\\\/\\\/mulgielamuskeskus.ee\\\/\",\"logo\":{\"@type\":\"ImageObject\",\"inLanguage\":\"lv-LV\",\"@id\":\"https:\\\/\\\/mulgielamuskeskus.ee\\\/#\\\/schema\\\/logo\\\/image\\\/\",\"url\":\"https:\\\/\\\/mulgielamuskeskus.ee\\\/wp-content\\\/uploads\\\/2022\\\/05\\\/MulgiElamuskeskus_ico.jpg\",\"contentUrl\":\"https:\\\/\\\/mulgielamuskeskus.ee\\\/wp-content\\\/uploads\\\/2022\\\/05\\\/MulgiElamuskeskus_ico.jpg\",\"width\":520,\"height\":520,\"caption\":\"Mulgi Elamuskeskus MT\u00dc\"},\"image\":{\"@id\":\"https:\\\/\\\/mulgielamuskeskus.ee\\\/#\\\/schema\\\/logo\\\/image\\\/\"},\"sameAs\":[\"https:\\\/\\\/www.facebook.com\\\/mulgielamuskeskus\",\"https:\\\/\\\/www.instagram.com\\\/mulgielamuskeskus\\\/\"]}]}<\/script>\n<!-- \/ Yoast SEO plugin. -->","yoast_head_json":{"title":"Kontakti | Mulgi Elamuskeskus","robots":{"index":"index","follow":"follow","max-snippet":"max-snippet:-1","max-image-preview":"max-image-preview:large","max-video-preview":"max-video-preview:-1"},"canonical":"https:\/\/mulgielamuskeskus.ee\/lv\/kontakti\/","og_locale":"lv_LV","og_type":"article","og_title":"Kontakti | Mulgi Elamuskeskus","og_description":"Are Tints Izpilddirektors +372 5557 0661are@mulgimaa.ee Jaanika Toome P\u0101rdo\u0161anas un m\u0101rketings vad\u012bt\u0101js +372\u00a0508 6856jaanika@mulgielamuskeskus.ee","og_url":"https:\/\/mulgielamuskeskus.ee\/lv\/kontakti\/","og_site_name":"Mulgi Elamuskeskus","article_publisher":"https:\/\/www.facebook.com\/mulgielamuskeskus","article_modified_time":"2026-02-06T12:11:31+00:00","og_image":[{"width":2560,"height":1707,"url":"https:\/\/mulgielamuskeskus.ee\/wp-content\/uploads\/2023\/11\/DSC05652-scaled.jpg","type":"image\/jpeg"}],"twitter_card":"summary_large_image","twitter_misc":{"Est. reading time":"1 minute"},"schema":{"@context":"https:\/\/schema.org","@graph":[{"@type":"WebPage","@id":"https:\/\/mulgielamuskeskus.ee\/lv\/kontakti\/","url":"https:\/\/mulgielamuskeskus.ee\/lv\/kontakti\/","name":"Kontakti | Mulgi Elamuskeskus","isPartOf":{"@id":"https:\/\/mulgielamuskeskus.ee\/#website"},"primaryImageOfPage":{"@id":"https:\/\/mulgielamuskeskus.ee\/lv\/kontakti\/#primaryimage"},"image":{"@id":"https:\/\/mulgielamuskeskus.ee\/lv\/kontakti\/#primaryimage"},"thumbnailUrl":"https:\/\/mulgielamuskeskus.ee\/wp-content\/uploads\/2023\/11\/DSC05652-scaled.jpg","datePublished":"2022-05-15T14:33:47+00:00","dateModified":"2026-02-06T12:11:31+00:00","breadcrumb":{"@id":"https:\/\/mulgielamuskeskus.ee\/lv\/kontakti\/#breadcrumb"},"inLanguage":"lv-LV","potentialAction":[{"@type":"ReadAction","target":["https:\/\/mulgielamuskeskus.ee\/lv\/kontakti\/"]}]},{"@type":"ImageObject","inLanguage":"lv-LV","@id":"https:\/\/mulgielamuskeskus.ee\/lv\/kontakti\/#primaryimage","url":"https:\/\/mulgielamuskeskus.ee\/wp-content\/uploads\/2023\/11\/DSC05652-scaled.jpg","contentUrl":"https:\/\/mulgielamuskeskus.ee\/wp-content\/uploads\/2023\/11\/DSC05652-scaled.jpg","width":2560,"height":1707},{"@type":"BreadcrumbList","@id":"https:\/\/mulgielamuskeskus.ee\/lv\/kontakti\/#breadcrumb","itemListElement":[{"@type":"ListItem","position":1,"name":"Home","item":"https:\/\/mulgielamuskeskus.ee\/lv\/"},{"@type":"ListItem","position":2,"name":"Kontakti"}]},{"@type":"WebSite","@id":"https:\/\/mulgielamuskeskus.ee\/#website","url":"https:\/\/mulgielamuskeskus.ee\/","name":"Mulgi Elamuskeskus","description":"","publisher":{"@id":"https:\/\/mulgielamuskeskus.ee\/#organization"},"potentialAction":[{"@type":"SearchAction","target":{"@type":"EntryPoint","urlTemplate":"https:\/\/mulgielamuskeskus.ee\/?s={search_term_string}"},"query-input":{"@type":"PropertyValueSpecification","valueRequired":true,"valueName":"search_term_string"}}],"inLanguage":"lv-LV"},{"@type":"Organization","@id":"https:\/\/mulgielamuskeskus.ee\/#organization","name":"Mulgi Elamuskeskus MT\u00dc","url":"https:\/\/mulgielamuskeskus.ee\/","logo":{"@type":"ImageObject","inLanguage":"lv-LV","@id":"https:\/\/mulgielamuskeskus.ee\/#\/schema\/logo\/image\/","url":"https:\/\/mulgielamuskeskus.ee\/wp-content\/uploads\/2022\/05\/MulgiElamuskeskus_ico.jpg","contentUrl":"https:\/\/mulgielamuskeskus.ee\/wp-content\/uploads\/2022\/05\/MulgiElamuskeskus_ico.jpg","width":520,"height":520,"caption":"Mulgi Elamuskeskus MT\u00dc"},"image":{"@id":"https:\/\/mulgielamuskeskus.ee\/#\/schema\/logo\/image\/"},"sameAs":["https:\/\/www.facebook.com\/mulgielamuskeskus","https:\/\/www.instagram.com\/mulgielamuskeskus\/"]}]}},"_links":{"self":[{"href":"https:\/\/mulgielamuskeskus.ee\/lv\/wp-json\/wp\/v2\/pages\/1917","targetHints":{"allow":["GET"]}}],"collection":[{"href":"https:\/\/mulgielamuskeskus.ee\/lv\/wp-json\/wp\/v2\/pages"}],"about":[{"href":"https:\/\/mulgielamuskeskus.ee\/lv\/wp-json\/wp\/v2\/types\/page"}],"author":[{"embeddable":true,"href":"https:\/\/mulgielamuskeskus.ee\/lv\/wp-json\/wp\/v2\/users\/1"}],"replies":[{"embeddable":true,"href":"https:\/\/mulgielamuskeskus.ee\/lv\/wp-json\/wp\/v2\/comments?post=1917"}],"version-history":[{"count":37,"href":"https:\/\/mulgielamuskeskus.ee\/lv\/wp-json\/wp\/v2\/pages\/1917\/revisions"}],"predecessor-version":[{"id":5334,"href":"https:\/\/mulgielamuskeskus.ee\/lv\/wp-json\/wp\/v2\/pages\/1917\/revisions\/5334"}],"wp:featuredmedia":[{"embeddable":true,"href":"https:\/\/mulgielamuskeskus.ee\/lv\/wp-json\/wp\/v2\/media\/2591"}],"wp:attachment":[{"href":"https:\/\/mulgielamuskeskus.ee\/lv\/wp-json\/wp\/v2\/media?parent=1917"}],"curies":[{"name":"wp","href":"https:\/\/api.w.org\/{rel}","templated":true}]}}