{"id":1922,"date":"2022-05-15T14:38:50","date_gmt":"2022-05-15T14:38:50","guid":{"rendered":"https:\/\/mulgielamuskeskus.ee\/noorganize-savu-pasakumu\/"},"modified":"2023-08-22T17:38:55","modified_gmt":"2023-08-22T17:38:55","slug":"noorganize-savu-pasakumu","status":"publish","type":"page","link":"https:\/\/mulgielamuskeskus.ee\/lv\/noorganize-savu-pasakumu\/","title":{"rendered":"Noorganiz\u0113 savu pas\u0101kumu"},"content":{"rendered":"\t\t<div data-elementor-type=\"wp-page\" data-elementor-id=\"1922\" class=\"elementor elementor-1922 elementor-84\" data-elementor-post-type=\"page\">\n\t\t\t\t<div class=\"elementor-element elementor-element-5ceaaed e-flex e-con-boxed e-con e-parent\" data-id=\"5ceaaed\" data-element_type=\"container\" data-e-type=\"container\">\n\t\t\t\t\t<div class=\"e-con-inner\">\n\t\t\t\t<div class=\"elementor-element elementor-element-7c82c5b elementor-widget elementor-widget-text-editor\" data-id=\"7c82c5b\" data-element_type=\"widget\" data-e-type=\"widget\" data-widget_type=\"text-editor.default\">\n\t\t\t\t<div class=\"elementor-widget-container\">\n\t\t\t\t\t\t\t\t\t<h3>Noorganiz\u0113 savu pas\u0101kumu unik\u0101laj\u0101 Mulgu piedz\u012bvojumu centr\u0101!\u00a0<\/h3>\n<p>Mulgu piedz\u012bvojumu centrs ir ide\u0101la vieta pas\u0101kumu r\u012bko\u0161anai \u2013 \u0161eit var organiz\u0113t sapulces un san\u0101ksmes, semin\u0101rus, uz\u0146\u0113muma ball\u012btes vai vasaras dienas, koncertus un kaut vai k\u0101zu svin\u012bbas!<\/p>\n<p>M\u016bsu piedz\u012bvojumu centr\u0101 ir pieejamas visas m\u016bsdienu iesp\u0113jas k\u0101 ofici\u0101lu, t\u0101 izklaides pas\u0101kumu organiz\u0113\u0161anai.\u00a0<\/p>\n<p>\u0112rber\u0123\u012b atrodas moderna <b>san\u0101ksmju telpa<\/b>, kur\u0101 jut\u012bsies \u0113rti l\u012bdz 20 cilv\u0113ku liela komanda, t\u0101p\u0113c t\u0101 ir piem\u0113rota gan maz\u0101k\u0101m san\u0101ksm\u0113m, gan biznesa tik\u0161an\u0101s reiz\u0113m. Ir pieejams liels ekr\u0101ns ar ska\u0146as aparat\u016bru prezent\u0101cij\u0101m un cit\u0101m vajadz\u012bb\u0101m.<\/p>\n<p>Ekspoz\u012bcijas \u0113k\u0101 ir piln\u012bb\u0101 apr\u012bkota <b>konferen\u010du z\u0101le<\/b>, kur\u0101 jut\u012bsies \u0113rti ~70 cilv\u0113ku.\u00a0<\/p>\n<p>Papildus pied\u0101v\u0101jam keiteringa pakalpojumus kafijas pauz\u0113m un vakari\u0146\u0101m. Mulgu rado\u0161umam \u0161eit nav robe\u017eu! Raksti mums par sav\u0101m v\u0113lm\u0113m un idej\u0101m, un m\u0113s atrad\u012bsim piem\u0113rot\u0101ko risin\u0101jumu, lai pas\u0101kums visiem paliktu atmi\u0146\u0101!<\/p>\n<p>\u00a0<\/p>\n\t\t\t\t\t\t\t\t<\/div>\n\t\t\t\t<\/div>\n\t\t\t\t\t<\/div>\n\t\t\t\t<\/div>\n\t\t<div class=\"elementor-element elementor-element-d4e4ddf e-flex e-con-boxed e-con e-parent\" data-id=\"d4e4ddf\" data-element_type=\"container\" data-e-type=\"container\">\n\t\t\t\t\t<div class=\"e-con-inner\">\n\t\t<div class=\"elementor-element elementor-element-161db79 e-con-full e-flex e-con e-parent\" data-id=\"161db79\" data-element_type=\"container\" data-e-type=\"container\">\n\t\t\t\t<div class=\"elementor-element elementor-element-eb621c8 elementor-button-align-stretch elementor-widget elementor-widget-form\" data-id=\"eb621c8\" data-element_type=\"widget\" data-e-type=\"widget\" data-settings=\"{&quot;step_next_label&quot;:&quot;N\\u0101kamais&quot;,&quot;step_previous_label&quot;:&quot;Iepriek\\u0161\\u0113jais&quot;,&quot;button_width&quot;:&quot;33&quot;,&quot;step_type&quot;:&quot;number_text&quot;,&quot;step_icon_shape&quot;:&quot;circle&quot;}\" data-widget_type=\"form.default\">\n\t\t\t\t<div class=\"elementor-widget-container\">\n\t\t\t\t\t\t\t<form class=\"elementor-form\" method=\"post\" name=\"New Form\" aria-label=\"New Form\">\n\t\t\t<input type=\"hidden\" name=\"post_id\" value=\"1922\"\/>\n\t\t\t<input type=\"hidden\" name=\"form_id\" value=\"eb621c8\"\/>\n\t\t\t<input type=\"hidden\" name=\"referer_title\" value=\"Mulgi Elamuskeskus\" \/>\n\n\t\t\t\n\t\t\t<div class=\"elementor-form-fields-wrapper elementor-labels-above\">\n\t\t\t\t\t\t\t\t<div class=\"elementor-field-type-text elementor-field-group elementor-column elementor-field-group-field_add143a elementor-col-100 elementor-field-required elementor-mark-required\">\n\t\t\t\t\t\t\t\t\t\t\t\t<label for=\"form-field-field_add143a\" class=\"elementor-field-label\">\n\t\t\t\t\t\t\t\tV\u0101rds\t\t\t\t\t\t\t<\/label>\n\t\t\t\t\t\t\t\t\t\t\t\t\t\t<input size=\"1\" type=\"text\" name=\"form_fields[field_add143a]\" id=\"form-field-field_add143a\" class=\"elementor-field elementor-size-sm  elementor-field-textual\" placeholder=\"V\u0101rds\" required=\"required\">\n\t\t\t\t\t\t\t\t\t\t\t<\/div>\n\t\t\t\t\t\t\t\t<div class=\"elementor-field-type-email elementor-field-group elementor-column elementor-field-group-field_9478b96 elementor-col-100 elementor-field-required elementor-mark-required\">\n\t\t\t\t\t\t\t\t\t\t\t\t<label for=\"form-field-field_9478b96\" class=\"elementor-field-label\">\n\t\t\t\t\t\t\t\tE-pasts\t\t\t\t\t\t\t<\/label>\n\t\t\t\t\t\t\t\t\t\t\t\t\t\t<input size=\"1\" type=\"email\" name=\"form_fields[field_9478b96]\" id=\"form-field-field_9478b96\" class=\"elementor-field elementor-size-sm  elementor-field-textual\" placeholder=\"E-pasts\" required=\"required\">\n\t\t\t\t\t\t\t\t\t\t\t<\/div>\n\t\t\t\t\t\t\t\t<div class=\"elementor-field-type-email elementor-field-group elementor-column elementor-field-group-field_54a2521 elementor-col-100\">\n\t\t\t\t\t\t\t\t\t\t\t\t<label for=\"form-field-field_54a2521\" class=\"elementor-field-label\">\n\t\t\t\t\t\t\t\tKontaktt\u0101lrunis\t\t\t\t\t\t\t<\/label>\n\t\t\t\t\t\t\t\t\t\t\t\t\t\t<input size=\"1\" type=\"email\" name=\"form_fields[field_54a2521]\" id=\"form-field-field_54a2521\" class=\"elementor-field elementor-size-sm  elementor-field-textual\" placeholder=\"Kontaktt\u0101lrunis\">\n\t\t\t\t\t\t\t\t\t\t\t<\/div>\n\t\t\t\t\t\t\t\t<div class=\"elementor-field-type-textarea elementor-field-group elementor-column elementor-field-group-message elementor-col-100 elementor-field-required elementor-mark-required\">\n\t\t\t\t\t\t\t\t\t\t\t\t<label for=\"form-field-message\" class=\"elementor-field-label\">\n\t\t\t\t\t\t\t\tPiepras\u012bjuma saturs\t\t\t\t\t\t\t<\/label>\n\t\t\t\t\t\t<textarea class=\"elementor-field-textual elementor-field  elementor-size-sm\" name=\"form_fields[message]\" id=\"form-field-message\" rows=\"4\" placeholder=\"Ieraksti v\u0113lamo datumu un nor\u0101di, k\u0101du pas\u0101kumu v\u0113lies pie mums organiz\u0113t.\" required=\"required\"><\/textarea>\t\t\t\t<\/div>\n\t\t\t\t\t\t\t\t<div class=\"elementor-field-group elementor-column elementor-field-type-submit elementor-col-33 e-form__buttons\">\n\t\t\t\t\t<button class=\"elementor-button elementor-size-sm\" type=\"submit\" id=\"btn1\">\n\t\t\t\t\t\t<span class=\"elementor-button-content-wrapper\">\n\t\t\t\t\t\t\t\t\t\t\t\t\t\t\t\t\t\t\t\t\t\t<span class=\"elementor-button-text\">Nos\u016bti piepras\u012bjumu<\/span>\n\t\t\t\t\t\t\t\t\t\t\t\t\t<\/span>\n\t\t\t\t\t<\/button>\n\t\t\t\t<\/div>\n\t\t\t<\/div>\n\t\t<\/form>\n\t\t\t\t\t\t<\/div>\n\t\t\t\t<\/div>\n\t\t\t\t<\/div>\n\t\t<div class=\"elementor-element elementor-element-48da26c e-con-full e-flex e-con e-parent\" data-id=\"48da26c\" data-element_type=\"container\" data-e-type=\"container\">\n\t\t\t\t<\/div>\n\t\t\t\t\t<\/div>\n\t\t\t\t<\/div>\n\t\t\t\t<\/div>\n\t\t","protected":false},"excerpt":{"rendered":"<p>Noorganiz\u0113 savu pas\u0101kumu unik\u0101laj\u0101 Mulgu piedz\u012bvojumu centr\u0101!\u00a0 Mulgu piedz\u012bvojumu centrs ir ide\u0101la vieta pas\u0101kumu r\u012bko\u0161anai \u2013 \u0161eit var organiz\u0113t sapulces un san\u0101ksmes, semin\u0101rus, uz\u0146\u0113muma ball\u012btes vai vasaras dienas, koncertus un kaut vai k\u0101zu svin\u012bbas! M\u016bsu piedz\u012bvojumu centr\u0101 ir pieejamas visas m\u016bsdienu iesp\u0113jas k\u0101 ofici\u0101lu, t\u0101 izklaides pas\u0101kumu organiz\u0113\u0161anai.\u00a0 \u0112rber\u0123\u012b atrodas moderna san\u0101ksmju telpa, kur\u0101 jut\u012bsies [&hellip;]<\/p>\n","protected":false},"author":1,"featured_media":1658,"parent":0,"menu_order":0,"comment_status":"closed","ping_status":"closed","template":"","meta":{"footnotes":""},"class_list":["post-1922","page","type-page","status-publish","has-post-thumbnail","hentry"],"yoast_head":"<!-- This site is optimized with the Yoast SEO plugin v27.4 - https:\/\/yoast.com\/product\/yoast-seo-wordpress\/ -->\n<title>Noorganiz\u0113 savu pas\u0101kumu | Mulgi Elamuskeskus<\/title>\n<meta name=\"robots\" content=\"index, follow, max-snippet:-1, max-image-preview:large, max-video-preview:-1\" \/>\n<link rel=\"canonical\" href=\"https:\/\/mulgielamuskeskus.ee\/lv\/noorganize-savu-pasakumu\/\" \/>\n<meta property=\"og:locale\" content=\"lv_LV\" \/>\n<meta property=\"og:type\" content=\"article\" \/>\n<meta property=\"og:title\" content=\"Noorganiz\u0113 savu pas\u0101kumu | Mulgi Elamuskeskus\" \/>\n<meta property=\"og:description\" content=\"Noorganiz\u0113 savu pas\u0101kumu unik\u0101laj\u0101 Mulgu piedz\u012bvojumu centr\u0101!\u00a0 Mulgu piedz\u012bvojumu centrs ir ide\u0101la vieta pas\u0101kumu r\u012bko\u0161anai \u2013 \u0161eit var organiz\u0113t sapulces un san\u0101ksmes, semin\u0101rus, uz\u0146\u0113muma ball\u012btes vai vasaras dienas, koncertus un kaut vai k\u0101zu svin\u012bbas! M\u016bsu piedz\u012bvojumu centr\u0101 ir pieejamas visas m\u016bsdienu iesp\u0113jas k\u0101 ofici\u0101lu, t\u0101 izklaides pas\u0101kumu organiz\u0113\u0161anai.\u00a0 \u0112rber\u0123\u012b atrodas moderna san\u0101ksmju telpa, kur\u0101 jut\u012bsies [&hellip;]\" \/>\n<meta property=\"og:url\" content=\"https:\/\/mulgielamuskeskus.ee\/lv\/noorganize-savu-pasakumu\/\" \/>\n<meta property=\"og:site_name\" content=\"Mulgi Elamuskeskus\" \/>\n<meta property=\"article:publisher\" content=\"https:\/\/www.facebook.com\/mulgielamuskeskus\" \/>\n<meta property=\"article:modified_time\" content=\"2023-08-22T17:38:55+00:00\" \/>\n<meta property=\"og:image\" content=\"https:\/\/mulgielamuskeskus.ee\/wp-content\/uploads\/2023\/06\/kevin-kohjus-scaled.jpeg\" \/>\n\t<meta property=\"og:image:width\" content=\"2560\" \/>\n\t<meta property=\"og:image:height\" content=\"1707\" \/>\n\t<meta property=\"og:image:type\" content=\"image\/jpeg\" \/>\n<meta name=\"twitter:card\" content=\"summary_large_image\" \/>\n<meta name=\"twitter:label1\" content=\"Est. reading time\" \/>\n\t<meta name=\"twitter:data1\" content=\"1 minute\" \/>\n<script type=\"application\/ld+json\" class=\"yoast-schema-graph\">{\"@context\":\"https:\\\/\\\/schema.org\",\"@graph\":[{\"@type\":\"WebPage\",\"@id\":\"https:\\\/\\\/mulgielamuskeskus.ee\\\/lv\\\/noorganize-savu-pasakumu\\\/\",\"url\":\"https:\\\/\\\/mulgielamuskeskus.ee\\\/lv\\\/noorganize-savu-pasakumu\\\/\",\"name\":\"Noorganiz\u0113 savu pas\u0101kumu | Mulgi Elamuskeskus\",\"isPartOf\":{\"@id\":\"https:\\\/\\\/mulgielamuskeskus.ee\\\/#website\"},\"primaryImageOfPage\":{\"@id\":\"https:\\\/\\\/mulgielamuskeskus.ee\\\/lv\\\/noorganize-savu-pasakumu\\\/#primaryimage\"},\"image\":{\"@id\":\"https:\\\/\\\/mulgielamuskeskus.ee\\\/lv\\\/noorganize-savu-pasakumu\\\/#primaryimage\"},\"thumbnailUrl\":\"https:\\\/\\\/mulgielamuskeskus.ee\\\/wp-content\\\/uploads\\\/2023\\\/06\\\/kevin-kohjus-scaled.jpeg\",\"datePublished\":\"2022-05-15T14:38:50+00:00\",\"dateModified\":\"2023-08-22T17:38:55+00:00\",\"breadcrumb\":{\"@id\":\"https:\\\/\\\/mulgielamuskeskus.ee\\\/lv\\\/noorganize-savu-pasakumu\\\/#breadcrumb\"},\"inLanguage\":\"lv-LV\",\"potentialAction\":[{\"@type\":\"ReadAction\",\"target\":[\"https:\\\/\\\/mulgielamuskeskus.ee\\\/lv\\\/noorganize-savu-pasakumu\\\/\"]}]},{\"@type\":\"ImageObject\",\"inLanguage\":\"lv-LV\",\"@id\":\"https:\\\/\\\/mulgielamuskeskus.ee\\\/lv\\\/noorganize-savu-pasakumu\\\/#primaryimage\",\"url\":\"https:\\\/\\\/mulgielamuskeskus.ee\\\/wp-content\\\/uploads\\\/2023\\\/06\\\/kevin-kohjus-scaled.jpeg\",\"contentUrl\":\"https:\\\/\\\/mulgielamuskeskus.ee\\\/wp-content\\\/uploads\\\/2023\\\/06\\\/kevin-kohjus-scaled.jpeg\",\"width\":2560,\"height\":1707},{\"@type\":\"BreadcrumbList\",\"@id\":\"https:\\\/\\\/mulgielamuskeskus.ee\\\/lv\\\/noorganize-savu-pasakumu\\\/#breadcrumb\",\"itemListElement\":[{\"@type\":\"ListItem\",\"position\":1,\"name\":\"Home\",\"item\":\"https:\\\/\\\/mulgielamuskeskus.ee\\\/lv\\\/\"},{\"@type\":\"ListItem\",\"position\":2,\"name\":\"Noorganiz\u0113 savu pas\u0101kumu\"}]},{\"@type\":\"WebSite\",\"@id\":\"https:\\\/\\\/mulgielamuskeskus.ee\\\/#website\",\"url\":\"https:\\\/\\\/mulgielamuskeskus.ee\\\/\",\"name\":\"Mulgi Elamuskeskus\",\"description\":\"\",\"publisher\":{\"@id\":\"https:\\\/\\\/mulgielamuskeskus.ee\\\/#organization\"},\"potentialAction\":[{\"@type\":\"SearchAction\",\"target\":{\"@type\":\"EntryPoint\",\"urlTemplate\":\"https:\\\/\\\/mulgielamuskeskus.ee\\\/?s={search_term_string}\"},\"query-input\":{\"@type\":\"PropertyValueSpecification\",\"valueRequired\":true,\"valueName\":\"search_term_string\"}}],\"inLanguage\":\"lv-LV\"},{\"@type\":\"Organization\",\"@id\":\"https:\\\/\\\/mulgielamuskeskus.ee\\\/#organization\",\"name\":\"Mulgi Elamuskeskus MT\u00dc\",\"url\":\"https:\\\/\\\/mulgielamuskeskus.ee\\\/\",\"logo\":{\"@type\":\"ImageObject\",\"inLanguage\":\"lv-LV\",\"@id\":\"https:\\\/\\\/mulgielamuskeskus.ee\\\/#\\\/schema\\\/logo\\\/image\\\/\",\"url\":\"https:\\\/\\\/mulgielamuskeskus.ee\\\/wp-content\\\/uploads\\\/2022\\\/05\\\/MulgiElamuskeskus_ico.jpg\",\"contentUrl\":\"https:\\\/\\\/mulgielamuskeskus.ee\\\/wp-content\\\/uploads\\\/2022\\\/05\\\/MulgiElamuskeskus_ico.jpg\",\"width\":520,\"height\":520,\"caption\":\"Mulgi Elamuskeskus MT\u00dc\"},\"image\":{\"@id\":\"https:\\\/\\\/mulgielamuskeskus.ee\\\/#\\\/schema\\\/logo\\\/image\\\/\"},\"sameAs\":[\"https:\\\/\\\/www.facebook.com\\\/mulgielamuskeskus\",\"https:\\\/\\\/www.instagram.com\\\/mulgielamuskeskus\\\/\"]}]}<\/script>\n<!-- \/ Yoast SEO plugin. -->","yoast_head_json":{"title":"Noorganiz\u0113 savu pas\u0101kumu | Mulgi Elamuskeskus","robots":{"index":"index","follow":"follow","max-snippet":"max-snippet:-1","max-image-preview":"max-image-preview:large","max-video-preview":"max-video-preview:-1"},"canonical":"https:\/\/mulgielamuskeskus.ee\/lv\/noorganize-savu-pasakumu\/","og_locale":"lv_LV","og_type":"article","og_title":"Noorganiz\u0113 savu pas\u0101kumu | Mulgi Elamuskeskus","og_description":"Noorganiz\u0113 savu pas\u0101kumu unik\u0101laj\u0101 Mulgu piedz\u012bvojumu centr\u0101!\u00a0 Mulgu piedz\u012bvojumu centrs ir ide\u0101la vieta pas\u0101kumu r\u012bko\u0161anai \u2013 \u0161eit var organiz\u0113t sapulces un san\u0101ksmes, semin\u0101rus, uz\u0146\u0113muma ball\u012btes vai vasaras dienas, koncertus un kaut vai k\u0101zu svin\u012bbas! M\u016bsu piedz\u012bvojumu centr\u0101 ir pieejamas visas m\u016bsdienu iesp\u0113jas k\u0101 ofici\u0101lu, t\u0101 izklaides pas\u0101kumu organiz\u0113\u0161anai.\u00a0 \u0112rber\u0123\u012b atrodas moderna san\u0101ksmju telpa, kur\u0101 jut\u012bsies [&hellip;]","og_url":"https:\/\/mulgielamuskeskus.ee\/lv\/noorganize-savu-pasakumu\/","og_site_name":"Mulgi Elamuskeskus","article_publisher":"https:\/\/www.facebook.com\/mulgielamuskeskus","article_modified_time":"2023-08-22T17:38:55+00:00","og_image":[{"width":2560,"height":1707,"url":"https:\/\/mulgielamuskeskus.ee\/wp-content\/uploads\/2023\/06\/kevin-kohjus-scaled.jpeg","type":"image\/jpeg"}],"twitter_card":"summary_large_image","twitter_misc":{"Est. reading time":"1 minute"},"schema":{"@context":"https:\/\/schema.org","@graph":[{"@type":"WebPage","@id":"https:\/\/mulgielamuskeskus.ee\/lv\/noorganize-savu-pasakumu\/","url":"https:\/\/mulgielamuskeskus.ee\/lv\/noorganize-savu-pasakumu\/","name":"Noorganiz\u0113 savu pas\u0101kumu | Mulgi Elamuskeskus","isPartOf":{"@id":"https:\/\/mulgielamuskeskus.ee\/#website"},"primaryImageOfPage":{"@id":"https:\/\/mulgielamuskeskus.ee\/lv\/noorganize-savu-pasakumu\/#primaryimage"},"image":{"@id":"https:\/\/mulgielamuskeskus.ee\/lv\/noorganize-savu-pasakumu\/#primaryimage"},"thumbnailUrl":"https:\/\/mulgielamuskeskus.ee\/wp-content\/uploads\/2023\/06\/kevin-kohjus-scaled.jpeg","datePublished":"2022-05-15T14:38:50+00:00","dateModified":"2023-08-22T17:38:55+00:00","breadcrumb":{"@id":"https:\/\/mulgielamuskeskus.ee\/lv\/noorganize-savu-pasakumu\/#breadcrumb"},"inLanguage":"lv-LV","potentialAction":[{"@type":"ReadAction","target":["https:\/\/mulgielamuskeskus.ee\/lv\/noorganize-savu-pasakumu\/"]}]},{"@type":"ImageObject","inLanguage":"lv-LV","@id":"https:\/\/mulgielamuskeskus.ee\/lv\/noorganize-savu-pasakumu\/#primaryimage","url":"https:\/\/mulgielamuskeskus.ee\/wp-content\/uploads\/2023\/06\/kevin-kohjus-scaled.jpeg","contentUrl":"https:\/\/mulgielamuskeskus.ee\/wp-content\/uploads\/2023\/06\/kevin-kohjus-scaled.jpeg","width":2560,"height":1707},{"@type":"BreadcrumbList","@id":"https:\/\/mulgielamuskeskus.ee\/lv\/noorganize-savu-pasakumu\/#breadcrumb","itemListElement":[{"@type":"ListItem","position":1,"name":"Home","item":"https:\/\/mulgielamuskeskus.ee\/lv\/"},{"@type":"ListItem","position":2,"name":"Noorganiz\u0113 savu pas\u0101kumu"}]},{"@type":"WebSite","@id":"https:\/\/mulgielamuskeskus.ee\/#website","url":"https:\/\/mulgielamuskeskus.ee\/","name":"Mulgi Elamuskeskus","description":"","publisher":{"@id":"https:\/\/mulgielamuskeskus.ee\/#organization"},"potentialAction":[{"@type":"SearchAction","target":{"@type":"EntryPoint","urlTemplate":"https:\/\/mulgielamuskeskus.ee\/?s={search_term_string}"},"query-input":{"@type":"PropertyValueSpecification","valueRequired":true,"valueName":"search_term_string"}}],"inLanguage":"lv-LV"},{"@type":"Organization","@id":"https:\/\/mulgielamuskeskus.ee\/#organization","name":"Mulgi Elamuskeskus MT\u00dc","url":"https:\/\/mulgielamuskeskus.ee\/","logo":{"@type":"ImageObject","inLanguage":"lv-LV","@id":"https:\/\/mulgielamuskeskus.ee\/#\/schema\/logo\/image\/","url":"https:\/\/mulgielamuskeskus.ee\/wp-content\/uploads\/2022\/05\/MulgiElamuskeskus_ico.jpg","contentUrl":"https:\/\/mulgielamuskeskus.ee\/wp-content\/uploads\/2022\/05\/MulgiElamuskeskus_ico.jpg","width":520,"height":520,"caption":"Mulgi Elamuskeskus MT\u00dc"},"image":{"@id":"https:\/\/mulgielamuskeskus.ee\/#\/schema\/logo\/image\/"},"sameAs":["https:\/\/www.facebook.com\/mulgielamuskeskus","https:\/\/www.instagram.com\/mulgielamuskeskus\/"]}]}},"_links":{"self":[{"href":"https:\/\/mulgielamuskeskus.ee\/lv\/wp-json\/wp\/v2\/pages\/1922","targetHints":{"allow":["GET"]}}],"collection":[{"href":"https:\/\/mulgielamuskeskus.ee\/lv\/wp-json\/wp\/v2\/pages"}],"about":[{"href":"https:\/\/mulgielamuskeskus.ee\/lv\/wp-json\/wp\/v2\/types\/page"}],"author":[{"embeddable":true,"href":"https:\/\/mulgielamuskeskus.ee\/lv\/wp-json\/wp\/v2\/users\/1"}],"replies":[{"embeddable":true,"href":"https:\/\/mulgielamuskeskus.ee\/lv\/wp-json\/wp\/v2\/comments?post=1922"}],"version-history":[{"count":1,"href":"https:\/\/mulgielamuskeskus.ee\/lv\/wp-json\/wp\/v2\/pages\/1922\/revisions"}],"predecessor-version":[{"id":1923,"href":"https:\/\/mulgielamuskeskus.ee\/lv\/wp-json\/wp\/v2\/pages\/1922\/revisions\/1923"}],"wp:featuredmedia":[{"embeddable":true,"href":"https:\/\/mulgielamuskeskus.ee\/lv\/wp-json\/wp\/v2\/media\/1658"}],"wp:attachment":[{"href":"https:\/\/mulgielamuskeskus.ee\/lv\/wp-json\/wp\/v2\/media?parent=1922"}],"curies":[{"name":"wp","href":"https:\/\/api.w.org\/{rel}","templated":true}]}}